{"id":6575,"date":"2026-02-01T15:49:26","date_gmt":"2026-02-01T14:49:26","guid":{"rendered":"https:\/\/www.nl-images.com\/presentation\/?page_id=6575"},"modified":"2026-02-01T15:49:28","modified_gmt":"2026-02-01T14:49:28","slug":"rallye","status":"publish","type":"page","link":"https:\/\/www.nl-images.com\/presentation\/index.php\/rallye\/","title":{"rendered":"RALLYE"},"content":{"rendered":"\n<h4 class=\"wp-block-heading\">Retrouvez, via le menu d\u00e9roulant, les galeries d\u00e9di\u00e9es aux diff\u00e9rents RALLYES que j&#8217;ai pu couvrir.<\/h4>\n\n\n\n<figure class=\"wp-block-image size-large\"><img loading=\"lazy\" decoding=\"async\" width=\"1024\" height=\"683\" src=\"https:\/\/www.nl-images.com\/presentation\/wp-content\/uploads\/2026\/02\/c-n-lerooy-nlimages-rmc-wrx-24-ES-8-Fourmaux-3-1024x683.jpg\" alt=\"\" class=\"wp-image-6576\" srcset=\"https:\/\/www.nl-images.com\/presentation\/wp-content\/uploads\/2026\/02\/c-n-lerooy-nlimages-rmc-wrx-24-ES-8-Fourmaux-3-1024x683.jpg 1024w, https:\/\/www.nl-images.com\/presentation\/wp-content\/uploads\/2026\/02\/c-n-lerooy-nlimages-rmc-wrx-24-ES-8-Fourmaux-3-300x200.jpg 300w, https:\/\/www.nl-images.com\/presentation\/wp-content\/uploads\/2026\/02\/c-n-lerooy-nlimages-rmc-wrx-24-ES-8-Fourmaux-3-768x512.jpg 768w, https:\/\/www.nl-images.com\/presentation\/wp-content\/uploads\/2026\/02\/c-n-lerooy-nlimages-rmc-wrx-24-ES-8-Fourmaux-3-1536x1024.jpg 1536w, https:\/\/www.nl-images.com\/presentation\/wp-content\/uploads\/2026\/02\/c-n-lerooy-nlimages-rmc-wrx-24-ES-8-Fourmaux-3-2048x1366.jpg 2048w, https:\/\/www.nl-images.com\/presentation\/wp-content\/uploads\/2026\/02\/c-n-lerooy-nlimages-rmc-wrx-24-ES-8-Fourmaux-3-1194x796.jpg 1194w, https:\/\/www.nl-images.com\/presentation\/wp-content\/uploads\/2026\/02\/c-n-lerooy-nlimages-rmc-wrx-24-ES-8-Fourmaux-3-582x388.jpg 582w, https:\/\/www.nl-images.com\/presentation\/wp-content\/uploads\/2026\/02\/c-n-lerooy-nlimages-rmc-wrx-24-ES-8-Fourmaux-3-378x252.jpg 378w, https:\/\/www.nl-images.com\/presentation\/wp-content\/uploads\/2026\/02\/c-n-lerooy-nlimages-rmc-wrx-24-ES-8-Fourmaux-3-276x184.jpg 276w, https:\/\/www.nl-images.com\/presentation\/wp-content\/uploads\/2026\/02\/c-n-lerooy-nlimages-rmc-wrx-24-ES-8-Fourmaux-3-675x450.jpg 675w, https:\/\/www.nl-images.com\/presentation\/wp-content\/uploads\/2026\/02\/c-n-lerooy-nlimages-rmc-wrx-24-ES-8-Fourmaux-3-1320x880.jpg 1320w\" sizes=\"auto, (max-width: 1024px) 100vw, 1024px\" \/><\/figure>\n","protected":false},"excerpt":{"rendered":"<p>Retrouvez, via le menu d\u00e9roulant, les galeries d\u00e9di\u00e9es aux diff\u00e9rents RALLYES que j&#8217;ai pu couvrir.<\/p>\n","protected":false},"author":1,"featured_media":0,"parent":0,"menu_order":0,"comment_status":"closed","ping_status":"closed","template":"","meta":{"pgc_sgb_lightbox_settings":"","footnotes":""},"class_list":["post-6575","page","type-page","status-publish","hentry"],"yoast_head":"<!-- This site is optimized with the Yoast SEO plugin v21.4 - https:\/\/yoast.com\/wordpress\/plugins\/seo\/ -->\n<title>RALLYE - Nicolas LEROOY Photographies<\/title>\n<meta name=\"robots\" content=\"index, follow, max-snippet:-1, max-image-preview:large, max-video-preview:-1\" \/>\n<link rel=\"canonical\" href=\"https:\/\/www.nl-images.com\/presentation\/index.php\/rallye\/\" \/>\n<meta property=\"og:locale\" content=\"fr_FR\" \/>\n<meta property=\"og:type\" content=\"article\" \/>\n<meta property=\"og:title\" content=\"RALLYE - Nicolas LEROOY Photographies\" \/>\n<meta property=\"og:description\" content=\"Retrouvez, via le menu d\u00e9roulant, les galeries d\u00e9di\u00e9es aux diff\u00e9rents RALLYES que j&#8217;ai pu couvrir.\" \/>\n<meta property=\"og:url\" content=\"https:\/\/www.nl-images.com\/presentation\/index.php\/rallye\/\" \/>\n<meta property=\"og:site_name\" content=\"Nicolas LEROOY Photographies\" \/>\n<meta property=\"article:publisher\" content=\"https:\/\/www.facebook.com\/racerelive\" \/>\n<meta property=\"article:modified_time\" content=\"2026-02-01T14:49:28+00:00\" \/>\n<meta property=\"og:image\" content=\"https:\/\/www.nl-images.com\/presentation\/wp-content\/uploads\/2026\/02\/c-n-lerooy-nlimages-rmc-wrx-24-ES-8-Fourmaux-3-1024x683.jpg\" \/>\n<meta name=\"twitter:card\" content=\"summary_large_image\" \/>\n<meta name=\"twitter:label1\" content=\"Dur\u00e9e de lecture estim\u00e9e\" \/>\n\t<meta name=\"twitter:data1\" content=\"1 minute\" \/>\n<script type=\"application\/ld+json\" class=\"yoast-schema-graph\">{\"@context\":\"https:\/\/schema.org\",\"@graph\":[{\"@type\":\"WebPage\",\"@id\":\"https:\/\/www.nl-images.com\/presentation\/index.php\/rallye\/\",\"url\":\"https:\/\/www.nl-images.com\/presentation\/index.php\/rallye\/\",\"name\":\"RALLYE - Nicolas LEROOY Photographies\",\"isPartOf\":{\"@id\":\"https:\/\/www.nl-images.com\/presentation\/#website\"},\"datePublished\":\"2026-02-01T14:49:26+00:00\",\"dateModified\":\"2026-02-01T14:49:28+00:00\",\"breadcrumb\":{\"@id\":\"https:\/\/www.nl-images.com\/presentation\/index.php\/rallye\/#breadcrumb\"},\"inLanguage\":\"fr-FR\",\"potentialAction\":[{\"@type\":\"ReadAction\",\"target\":[\"https:\/\/www.nl-images.com\/presentation\/index.php\/rallye\/\"]}]},{\"@type\":\"BreadcrumbList\",\"@id\":\"https:\/\/www.nl-images.com\/presentation\/index.php\/rallye\/#breadcrumb\",\"itemListElement\":[{\"@type\":\"ListItem\",\"position\":1,\"name\":\"Accueil\",\"item\":\"https:\/\/www.nl-images.com\/presentation\/\"},{\"@type\":\"ListItem\",\"position\":2,\"name\":\"RALLYE\"}]},{\"@type\":\"WebSite\",\"@id\":\"https:\/\/www.nl-images.com\/presentation\/#website\",\"url\":\"https:\/\/www.nl-images.com\/presentation\/\",\"name\":\"Nicolas LEROOY Photographies\",\"description\":\"Nicolas LEROOY Photographies\",\"publisher\":{\"@id\":\"https:\/\/www.nl-images.com\/presentation\/#\/schema\/person\/244d97395453885e79ce223b13ad0ed8\"},\"potentialAction\":[{\"@type\":\"SearchAction\",\"target\":{\"@type\":\"EntryPoint\",\"urlTemplate\":\"https:\/\/www.nl-images.com\/presentation\/?s={search_term_string}\"},\"query-input\":\"required name=search_term_string\"}],\"inLanguage\":\"fr-FR\"},{\"@type\":[\"Person\",\"Organization\"],\"@id\":\"https:\/\/www.nl-images.com\/presentation\/#\/schema\/person\/244d97395453885e79ce223b13ad0ed8\",\"name\":\"Nicolas LEROOY\",\"image\":{\"@type\":\"ImageObject\",\"inLanguage\":\"fr-FR\",\"@id\":\"https:\/\/www.nl-images.com\/presentation\/#\/schema\/person\/image\/\",\"url\":\"http:\/\/nl-images.com\/presentation\/wp-content\/uploads\/2023\/10\/logo_nl-images.png\",\"contentUrl\":\"http:\/\/nl-images.com\/presentation\/wp-content\/uploads\/2023\/10\/logo_nl-images.png\",\"width\":1203,\"height\":126,\"caption\":\"Nicolas LEROOY\"},\"logo\":{\"@id\":\"https:\/\/www.nl-images.com\/presentation\/#\/schema\/person\/image\/\"},\"sameAs\":[\"http:\/\/www.nl-images.com\",\"https:\/\/www.facebook.com\/racerelive\",\"https:\/\/www.nicolas_lerooy_photographe\",\"https:\/\/www.linkedin.com\/in\/nicolas-lerooy-4\"]}]}<\/script>\n<!-- \/ Yoast SEO plugin. -->","yoast_head_json":{"title":"RALLYE - Nicolas LEROOY Photographies","robots":{"index":"index","follow":"follow","max-snippet":"max-snippet:-1","max-image-preview":"max-image-preview:large","max-video-preview":"max-video-preview:-1"},"canonical":"https:\/\/www.nl-images.com\/presentation\/index.php\/rallye\/","og_locale":"fr_FR","og_type":"article","og_title":"RALLYE - Nicolas LEROOY Photographies","og_description":"Retrouvez, via le menu d\u00e9roulant, les galeries d\u00e9di\u00e9es aux diff\u00e9rents RALLYES que j&#8217;ai pu couvrir.","og_url":"https:\/\/www.nl-images.com\/presentation\/index.php\/rallye\/","og_site_name":"Nicolas LEROOY Photographies","article_publisher":"https:\/\/www.facebook.com\/racerelive","article_modified_time":"2026-02-01T14:49:28+00:00","og_image":[{"url":"https:\/\/www.nl-images.com\/presentation\/wp-content\/uploads\/2026\/02\/c-n-lerooy-nlimages-rmc-wrx-24-ES-8-Fourmaux-3-1024x683.jpg"}],"twitter_card":"summary_large_image","twitter_misc":{"Dur\u00e9e de lecture estim\u00e9e":"1 minute"},"schema":{"@context":"https:\/\/schema.org","@graph":[{"@type":"WebPage","@id":"https:\/\/www.nl-images.com\/presentation\/index.php\/rallye\/","url":"https:\/\/www.nl-images.com\/presentation\/index.php\/rallye\/","name":"RALLYE - Nicolas LEROOY Photographies","isPartOf":{"@id":"https:\/\/www.nl-images.com\/presentation\/#website"},"datePublished":"2026-02-01T14:49:26+00:00","dateModified":"2026-02-01T14:49:28+00:00","breadcrumb":{"@id":"https:\/\/www.nl-images.com\/presentation\/index.php\/rallye\/#breadcrumb"},"inLanguage":"fr-FR","potentialAction":[{"@type":"ReadAction","target":["https:\/\/www.nl-images.com\/presentation\/index.php\/rallye\/"]}]},{"@type":"BreadcrumbList","@id":"https:\/\/www.nl-images.com\/presentation\/index.php\/rallye\/#breadcrumb","itemListElement":[{"@type":"ListItem","position":1,"name":"Accueil","item":"https:\/\/www.nl-images.com\/presentation\/"},{"@type":"ListItem","position":2,"name":"RALLYE"}]},{"@type":"WebSite","@id":"https:\/\/www.nl-images.com\/presentation\/#website","url":"https:\/\/www.nl-images.com\/presentation\/","name":"Nicolas LEROOY Photographies","description":"Nicolas LEROOY Photographies","publisher":{"@id":"https:\/\/www.nl-images.com\/presentation\/#\/schema\/person\/244d97395453885e79ce223b13ad0ed8"},"potentialAction":[{"@type":"SearchAction","target":{"@type":"EntryPoint","urlTemplate":"https:\/\/www.nl-images.com\/presentation\/?s={search_term_string}"},"query-input":"required name=search_term_string"}],"inLanguage":"fr-FR"},{"@type":["Person","Organization"],"@id":"https:\/\/www.nl-images.com\/presentation\/#\/schema\/person\/244d97395453885e79ce223b13ad0ed8","name":"Nicolas LEROOY","image":{"@type":"ImageObject","inLanguage":"fr-FR","@id":"https:\/\/www.nl-images.com\/presentation\/#\/schema\/person\/image\/","url":"http:\/\/nl-images.com\/presentation\/wp-content\/uploads\/2023\/10\/logo_nl-images.png","contentUrl":"http:\/\/nl-images.com\/presentation\/wp-content\/uploads\/2023\/10\/logo_nl-images.png","width":1203,"height":126,"caption":"Nicolas LEROOY"},"logo":{"@id":"https:\/\/www.nl-images.com\/presentation\/#\/schema\/person\/image\/"},"sameAs":["http:\/\/www.nl-images.com","https:\/\/www.facebook.com\/racerelive","https:\/\/www.nicolas_lerooy_photographe","https:\/\/www.linkedin.com\/in\/nicolas-lerooy-4"]}]}},"_links":{"self":[{"href":"https:\/\/www.nl-images.com\/presentation\/index.php\/wp-json\/wp\/v2\/pages\/6575","targetHints":{"allow":["GET"]}}],"collection":[{"href":"https:\/\/www.nl-images.com\/presentation\/index.php\/wp-json\/wp\/v2\/pages"}],"about":[{"href":"https:\/\/www.nl-images.com\/presentation\/index.php\/wp-json\/wp\/v2\/types\/page"}],"author":[{"embeddable":true,"href":"https:\/\/www.nl-images.com\/presentation\/index.php\/wp-json\/wp\/v2\/users\/1"}],"replies":[{"embeddable":true,"href":"https:\/\/www.nl-images.com\/presentation\/index.php\/wp-json\/wp\/v2\/comments?post=6575"}],"version-history":[{"count":1,"href":"https:\/\/www.nl-images.com\/presentation\/index.php\/wp-json\/wp\/v2\/pages\/6575\/revisions"}],"predecessor-version":[{"id":6577,"href":"https:\/\/www.nl-images.com\/presentation\/index.php\/wp-json\/wp\/v2\/pages\/6575\/revisions\/6577"}],"wp:attachment":[{"href":"https:\/\/www.nl-images.com\/presentation\/index.php\/wp-json\/wp\/v2\/media?parent=6575"}],"curies":[{"name":"wp","href":"https:\/\/api.w.org\/{rel}","templated":true}]}}