{"id":5583,"date":"2024-06-28T15:47:03","date_gmt":"2024-06-28T13:47:03","guid":{"rendered":"https:\/\/www.nl-images.com\/presentation\/?page_id=5583"},"modified":"2024-07-26T21:12:43","modified_gmt":"2024-07-26T19:12:43","slug":"mariages","status":"publish","type":"page","link":"https:\/\/www.nl-images.com\/presentation\/index.php\/mariages\/","title":{"rendered":"MARIAGES"},"content":{"rendered":"\n<h4 class=\"wp-block-heading\">Une page sp\u00e9ciale concernant mes prestations li\u00e9es aux MARIAGES est en cours d&#8217;\u00e9laboration.<\/h4>\n\n\n\n<h4 class=\"wp-block-heading\">Depuis 2016, je ne r\u00e9alisais plus de prestation mariage, afin de porter mon attention et d\u00e9velopper mes comp\u00e9tences sur d&#8217;autres sujets.<br><br>En attendant que cette page soit compl\u00e8te :<br>Prestations, tarifs, &#8230;<\/h4>\n\n\n\n<h4 class=\"wp-block-heading\"><br>Voici quelques images d&#8217;un mariage qui me tient \u00e0 c\u0153ur et r\u00e9alis\u00e9 en Loz\u00e8re :<\/h4>\n\n\n\n<figure class=\"wp-block-image size-large\"><a href=\"https:\/\/www.nl-images.com\/presentation\/index.php\/2024\/07\/26\/mariage-en-lozere\/\"><img loading=\"lazy\" decoding=\"async\" width=\"1024\" height=\"683\" src=\"https:\/\/www.nl-images.com\/presentation\/wp-content\/uploads\/2024\/07\/Mariage_F_G_JPG_Full__102-1024x683.jpg\" alt=\"\" class=\"wp-image-5677\" srcset=\"https:\/\/www.nl-images.com\/presentation\/wp-content\/uploads\/2024\/07\/Mariage_F_G_JPG_Full__102-1024x683.jpg 1024w, https:\/\/www.nl-images.com\/presentation\/wp-content\/uploads\/2024\/07\/Mariage_F_G_JPG_Full__102-300x200.jpg 300w, https:\/\/www.nl-images.com\/presentation\/wp-content\/uploads\/2024\/07\/Mariage_F_G_JPG_Full__102-768x512.jpg 768w, https:\/\/www.nl-images.com\/presentation\/wp-content\/uploads\/2024\/07\/Mariage_F_G_JPG_Full__102-1536x1024.jpg 1536w, https:\/\/www.nl-images.com\/presentation\/wp-content\/uploads\/2024\/07\/Mariage_F_G_JPG_Full__102-2048x1365.jpg 2048w, https:\/\/www.nl-images.com\/presentation\/wp-content\/uploads\/2024\/07\/Mariage_F_G_JPG_Full__102-1194x796.jpg 1194w, https:\/\/www.nl-images.com\/presentation\/wp-content\/uploads\/2024\/07\/Mariage_F_G_JPG_Full__102-582x388.jpg 582w, https:\/\/www.nl-images.com\/presentation\/wp-content\/uploads\/2024\/07\/Mariage_F_G_JPG_Full__102-378x252.jpg 378w, https:\/\/www.nl-images.com\/presentation\/wp-content\/uploads\/2024\/07\/Mariage_F_G_JPG_Full__102-276x184.jpg 276w, https:\/\/www.nl-images.com\/presentation\/wp-content\/uploads\/2024\/07\/Mariage_F_G_JPG_Full__102-675x450.jpg 675w, https:\/\/www.nl-images.com\/presentation\/wp-content\/uploads\/2024\/07\/Mariage_F_G_JPG_Full__102-1320x880.jpg 1320w\" sizes=\"auto, (max-width: 1024px) 100vw, 1024px\" \/><\/a><\/figure>\n\n\n\n<h2 class=\"wp-block-heading\"><br><a href=\"https:\/\/www.nl-images.com\/presentation\/index.php\/2024\/07\/26\/mariage-en-lozere\/\">MARIAGE LOZERE<\/a><\/h2>\n\n\n\n<p><\/p>\n\n\n\n<h2 class=\"wp-block-heading\">Pour plus d&#8217;informations, merci de me contact par mail ou sur les r\u00e9seaux :<\/h2>\n\n\n\n<h2 class=\"wp-block-heading\"><a href=\"mailto:nico@nl-images.com\" rel=\"nofollow\">__CONTACT_MAIL__<\/a><\/h2>\n\n\n\n<figure class=\"wp-block-image size-large\"><img loading=\"lazy\" decoding=\"async\" width=\"1024\" height=\"683\" src=\"https:\/\/www.nl-images.com\/presentation\/wp-content\/uploads\/2024\/06\/Mariage_F_G_JPG_Full__131-1024x683.jpg\" alt=\"\" class=\"wp-image-5584\" srcset=\"https:\/\/www.nl-images.com\/presentation\/wp-content\/uploads\/2024\/06\/Mariage_F_G_JPG_Full__131-1024x683.jpg 1024w, https:\/\/www.nl-images.com\/presentation\/wp-content\/uploads\/2024\/06\/Mariage_F_G_JPG_Full__131-300x200.jpg 300w, https:\/\/www.nl-images.com\/presentation\/wp-content\/uploads\/2024\/06\/Mariage_F_G_JPG_Full__131-768x512.jpg 768w, https:\/\/www.nl-images.com\/presentation\/wp-content\/uploads\/2024\/06\/Mariage_F_G_JPG_Full__131-1536x1024.jpg 1536w, https:\/\/www.nl-images.com\/presentation\/wp-content\/uploads\/2024\/06\/Mariage_F_G_JPG_Full__131-2048x1365.jpg 2048w, https:\/\/www.nl-images.com\/presentation\/wp-content\/uploads\/2024\/06\/Mariage_F_G_JPG_Full__131-1194x796.jpg 1194w, https:\/\/www.nl-images.com\/presentation\/wp-content\/uploads\/2024\/06\/Mariage_F_G_JPG_Full__131-582x388.jpg 582w, https:\/\/www.nl-images.com\/presentation\/wp-content\/uploads\/2024\/06\/Mariage_F_G_JPG_Full__131-378x252.jpg 378w, https:\/\/www.nl-images.com\/presentation\/wp-content\/uploads\/2024\/06\/Mariage_F_G_JPG_Full__131-276x184.jpg 276w, https:\/\/www.nl-images.com\/presentation\/wp-content\/uploads\/2024\/06\/Mariage_F_G_JPG_Full__131-675x450.jpg 675w, https:\/\/www.nl-images.com\/presentation\/wp-content\/uploads\/2024\/06\/Mariage_F_G_JPG_Full__131-1320x880.jpg 1320w\" sizes=\"auto, (max-width: 1024px) 100vw, 1024px\" \/><\/figure>\n","protected":false},"excerpt":{"rendered":"<p>Une page sp\u00e9ciale concernant mes prestations li\u00e9es aux MARIAGES est en cours d&#8217;\u00e9laboration. Depuis 2016, je ne r\u00e9alisais plus de prestation mariage, afin de porter mon attention et d\u00e9velopper mes comp\u00e9tences sur d&#8217;autres sujets. En attendant que cette page soit compl\u00e8te :Prestations, tarifs, &#8230; Voici quelques images d&#8217;un mariage qui me tient \u00e0 c\u0153ur et [&hellip;]<\/p>\n","protected":false},"author":1,"featured_media":0,"parent":0,"menu_order":0,"comment_status":"closed","ping_status":"closed","template":"","meta":{"pgc_sgb_lightbox_settings":"","footnotes":""},"class_list":["post-5583","page","type-page","status-publish","hentry"],"yoast_head":"<!-- This site is optimized with the Yoast SEO plugin v21.4 - https:\/\/yoast.com\/wordpress\/plugins\/seo\/ -->\n<title>MARIAGES - Nicolas LEROOY Photographies<\/title>\n<meta name=\"robots\" content=\"index, follow, max-snippet:-1, max-image-preview:large, max-video-preview:-1\" \/>\n<link rel=\"canonical\" href=\"https:\/\/www.nl-images.com\/presentation\/index.php\/mariages\/\" \/>\n<meta property=\"og:locale\" content=\"fr_FR\" \/>\n<meta property=\"og:type\" content=\"article\" \/>\n<meta property=\"og:title\" content=\"MARIAGES - Nicolas LEROOY Photographies\" \/>\n<meta property=\"og:description\" content=\"Une page sp\u00e9ciale concernant mes prestations li\u00e9es aux MARIAGES est en cours d&#8217;\u00e9laboration. Depuis 2016, je ne r\u00e9alisais plus de prestation mariage, afin de porter mon attention et d\u00e9velopper mes comp\u00e9tences sur d&#8217;autres sujets. En attendant que cette page soit compl\u00e8te :Prestations, tarifs, &#8230; Voici quelques images d&#8217;un mariage qui me tient \u00e0 c\u0153ur et [&hellip;]\" \/>\n<meta property=\"og:url\" content=\"https:\/\/www.nl-images.com\/presentation\/index.php\/mariages\/\" \/>\n<meta property=\"og:site_name\" content=\"Nicolas LEROOY Photographies\" \/>\n<meta property=\"article:publisher\" content=\"https:\/\/www.facebook.com\/racerelive\" \/>\n<meta property=\"article:modified_time\" content=\"2024-07-26T19:12:43+00:00\" \/>\n<meta property=\"og:image\" content=\"http:\/\/www.nl-images.com\/presentation\/wp-content\/uploads\/2024\/07\/Mariage_F_G_JPG_Full__102-1024x683.jpg\" \/>\n<meta name=\"twitter:card\" content=\"summary_large_image\" \/>\n<meta name=\"twitter:label1\" content=\"Dur\u00e9e de lecture estim\u00e9e\" \/>\n\t<meta name=\"twitter:data1\" content=\"1 minute\" \/>\n<script type=\"application\/ld+json\" class=\"yoast-schema-graph\">{\"@context\":\"https:\/\/schema.org\",\"@graph\":[{\"@type\":\"WebPage\",\"@id\":\"https:\/\/www.nl-images.com\/presentation\/index.php\/mariages\/\",\"url\":\"https:\/\/www.nl-images.com\/presentation\/index.php\/mariages\/\",\"name\":\"MARIAGES - Nicolas LEROOY Photographies\",\"isPartOf\":{\"@id\":\"https:\/\/www.nl-images.com\/presentation\/#website\"},\"datePublished\":\"2024-06-28T13:47:03+00:00\",\"dateModified\":\"2024-07-26T19:12:43+00:00\",\"breadcrumb\":{\"@id\":\"https:\/\/www.nl-images.com\/presentation\/index.php\/mariages\/#breadcrumb\"},\"inLanguage\":\"fr-FR\",\"potentialAction\":[{\"@type\":\"ReadAction\",\"target\":[\"https:\/\/www.nl-images.com\/presentation\/index.php\/mariages\/\"]}]},{\"@type\":\"BreadcrumbList\",\"@id\":\"https:\/\/www.nl-images.com\/presentation\/index.php\/mariages\/#breadcrumb\",\"itemListElement\":[{\"@type\":\"ListItem\",\"position\":1,\"name\":\"Accueil\",\"item\":\"https:\/\/www.nl-images.com\/presentation\/\"},{\"@type\":\"ListItem\",\"position\":2,\"name\":\"MARIAGES\"}]},{\"@type\":\"WebSite\",\"@id\":\"https:\/\/www.nl-images.com\/presentation\/#website\",\"url\":\"https:\/\/www.nl-images.com\/presentation\/\",\"name\":\"Nicolas LEROOY Photographies\",\"description\":\"Nicolas LEROOY Photographies\",\"publisher\":{\"@id\":\"https:\/\/www.nl-images.com\/presentation\/#\/schema\/person\/244d97395453885e79ce223b13ad0ed8\"},\"potentialAction\":[{\"@type\":\"SearchAction\",\"target\":{\"@type\":\"EntryPoint\",\"urlTemplate\":\"https:\/\/www.nl-images.com\/presentation\/?s={search_term_string}\"},\"query-input\":\"required name=search_term_string\"}],\"inLanguage\":\"fr-FR\"},{\"@type\":[\"Person\",\"Organization\"],\"@id\":\"https:\/\/www.nl-images.com\/presentation\/#\/schema\/person\/244d97395453885e79ce223b13ad0ed8\",\"name\":\"Nicolas LEROOY\",\"image\":{\"@type\":\"ImageObject\",\"inLanguage\":\"fr-FR\",\"@id\":\"https:\/\/www.nl-images.com\/presentation\/#\/schema\/person\/image\/\",\"url\":\"http:\/\/nl-images.com\/presentation\/wp-content\/uploads\/2023\/10\/logo_nl-images.png\",\"contentUrl\":\"http:\/\/nl-images.com\/presentation\/wp-content\/uploads\/2023\/10\/logo_nl-images.png\",\"width\":1203,\"height\":126,\"caption\":\"Nicolas LEROOY\"},\"logo\":{\"@id\":\"https:\/\/www.nl-images.com\/presentation\/#\/schema\/person\/image\/\"},\"sameAs\":[\"http:\/\/www.nl-images.com\",\"https:\/\/www.facebook.com\/racerelive\",\"https:\/\/www.nicolas_lerooy_photographe\",\"https:\/\/www.linkedin.com\/in\/nicolas-lerooy-4\"]}]}<\/script>\n<!-- \/ Yoast SEO plugin. -->","yoast_head_json":{"title":"MARIAGES - Nicolas LEROOY Photographies","robots":{"index":"index","follow":"follow","max-snippet":"max-snippet:-1","max-image-preview":"max-image-preview:large","max-video-preview":"max-video-preview:-1"},"canonical":"https:\/\/www.nl-images.com\/presentation\/index.php\/mariages\/","og_locale":"fr_FR","og_type":"article","og_title":"MARIAGES - Nicolas LEROOY Photographies","og_description":"Une page sp\u00e9ciale concernant mes prestations li\u00e9es aux MARIAGES est en cours d&#8217;\u00e9laboration. Depuis 2016, je ne r\u00e9alisais plus de prestation mariage, afin de porter mon attention et d\u00e9velopper mes comp\u00e9tences sur d&#8217;autres sujets. En attendant que cette page soit compl\u00e8te :Prestations, tarifs, &#8230; Voici quelques images d&#8217;un mariage qui me tient \u00e0 c\u0153ur et [&hellip;]","og_url":"https:\/\/www.nl-images.com\/presentation\/index.php\/mariages\/","og_site_name":"Nicolas LEROOY Photographies","article_publisher":"https:\/\/www.facebook.com\/racerelive","article_modified_time":"2024-07-26T19:12:43+00:00","og_image":[{"url":"http:\/\/www.nl-images.com\/presentation\/wp-content\/uploads\/2024\/07\/Mariage_F_G_JPG_Full__102-1024x683.jpg"}],"twitter_card":"summary_large_image","twitter_misc":{"Dur\u00e9e de lecture estim\u00e9e":"1 minute"},"schema":{"@context":"https:\/\/schema.org","@graph":[{"@type":"WebPage","@id":"https:\/\/www.nl-images.com\/presentation\/index.php\/mariages\/","url":"https:\/\/www.nl-images.com\/presentation\/index.php\/mariages\/","name":"MARIAGES - Nicolas LEROOY Photographies","isPartOf":{"@id":"https:\/\/www.nl-images.com\/presentation\/#website"},"datePublished":"2024-06-28T13:47:03+00:00","dateModified":"2024-07-26T19:12:43+00:00","breadcrumb":{"@id":"https:\/\/www.nl-images.com\/presentation\/index.php\/mariages\/#breadcrumb"},"inLanguage":"fr-FR","potentialAction":[{"@type":"ReadAction","target":["https:\/\/www.nl-images.com\/presentation\/index.php\/mariages\/"]}]},{"@type":"BreadcrumbList","@id":"https:\/\/www.nl-images.com\/presentation\/index.php\/mariages\/#breadcrumb","itemListElement":[{"@type":"ListItem","position":1,"name":"Accueil","item":"https:\/\/www.nl-images.com\/presentation\/"},{"@type":"ListItem","position":2,"name":"MARIAGES"}]},{"@type":"WebSite","@id":"https:\/\/www.nl-images.com\/presentation\/#website","url":"https:\/\/www.nl-images.com\/presentation\/","name":"Nicolas LEROOY Photographies","description":"Nicolas LEROOY Photographies","publisher":{"@id":"https:\/\/www.nl-images.com\/presentation\/#\/schema\/person\/244d97395453885e79ce223b13ad0ed8"},"potentialAction":[{"@type":"SearchAction","target":{"@type":"EntryPoint","urlTemplate":"https:\/\/www.nl-images.com\/presentation\/?s={search_term_string}"},"query-input":"required name=search_term_string"}],"inLanguage":"fr-FR"},{"@type":["Person","Organization"],"@id":"https:\/\/www.nl-images.com\/presentation\/#\/schema\/person\/244d97395453885e79ce223b13ad0ed8","name":"Nicolas LEROOY","image":{"@type":"ImageObject","inLanguage":"fr-FR","@id":"https:\/\/www.nl-images.com\/presentation\/#\/schema\/person\/image\/","url":"http:\/\/nl-images.com\/presentation\/wp-content\/uploads\/2023\/10\/logo_nl-images.png","contentUrl":"http:\/\/nl-images.com\/presentation\/wp-content\/uploads\/2023\/10\/logo_nl-images.png","width":1203,"height":126,"caption":"Nicolas LEROOY"},"logo":{"@id":"https:\/\/www.nl-images.com\/presentation\/#\/schema\/person\/image\/"},"sameAs":["http:\/\/www.nl-images.com","https:\/\/www.facebook.com\/racerelive","https:\/\/www.nicolas_lerooy_photographe","https:\/\/www.linkedin.com\/in\/nicolas-lerooy-4"]}]}},"_links":{"self":[{"href":"https:\/\/www.nl-images.com\/presentation\/index.php\/wp-json\/wp\/v2\/pages\/5583","targetHints":{"allow":["GET"]}}],"collection":[{"href":"https:\/\/www.nl-images.com\/presentation\/index.php\/wp-json\/wp\/v2\/pages"}],"about":[{"href":"https:\/\/www.nl-images.com\/presentation\/index.php\/wp-json\/wp\/v2\/types\/page"}],"author":[{"embeddable":true,"href":"https:\/\/www.nl-images.com\/presentation\/index.php\/wp-json\/wp\/v2\/users\/1"}],"replies":[{"embeddable":true,"href":"https:\/\/www.nl-images.com\/presentation\/index.php\/wp-json\/wp\/v2\/comments?post=5583"}],"version-history":[{"count":2,"href":"https:\/\/www.nl-images.com\/presentation\/index.php\/wp-json\/wp\/v2\/pages\/5583\/revisions"}],"predecessor-version":[{"id":5696,"href":"https:\/\/www.nl-images.com\/presentation\/index.php\/wp-json\/wp\/v2\/pages\/5583\/revisions\/5696"}],"wp:attachment":[{"href":"https:\/\/www.nl-images.com\/presentation\/index.php\/wp-json\/wp\/v2\/media?parent=5583"}],"curies":[{"name":"wp","href":"https:\/\/api.w.org\/{rel}","templated":true}]}}