{"id":5038,"date":"2024-06-27T19:56:27","date_gmt":"2024-06-27T17:56:27","guid":{"rendered":"https:\/\/www.nl-images.com\/presentation\/?page_id=5038"},"modified":"2024-06-28T15:33:06","modified_gmt":"2024-06-28T13:33:06","slug":"gala-modernjazz-2024-mapping-la-tour-daigues","status":"publish","type":"page","link":"https:\/\/www.nl-images.com\/presentation\/index.php\/gala-modernjazz-2024-mapping-la-tour-daigues\/","title":{"rendered":"GALA MODERN&#8217;JAZZ 2024 : MAPPING"},"content":{"rendered":"\n<p>La Tour d&#8217;Aigues le 14\/06\/2024, spectacle de danse propos\u00e9 par Laura<\/p>\n\n\n\n<figure class=\"wp-block-image size-full\"><img loading=\"lazy\" decoding=\"async\" width=\"850\" height=\"567\" src=\"https:\/\/www.nl-images.com\/presentation\/wp-content\/uploads\/2024\/06\/timelaspe-copie-petit.gif\" alt=\"\" class=\"wp-image-5039\"\/><\/figure>\n\n\n\n<p><\/p>\n\n\n\n<h2 class=\"wp-block-heading\">Retrouvez les photos de vos enfants, famille ou amis en fonction de la sc\u00e8ne qu&#8217;ils ont interpr\u00e9t\u00e9.<\/h2>\n\n\n\n<p><\/p>\n\n\n\n<h2 class=\"wp-block-heading\"><a href=\"https:\/\/www.nl-images.com\/presentation\/index.php\/2024\/06\/27\/gala-modernjazz-2024-mapping\/\">01\/ OUVERTURE<\/a><\/h2>\n\n\n\n<h2 class=\"wp-block-heading\"><a href=\"https:\/\/www.nl-images.com\/presentation\/index.php\/2024\/06\/27\/gala-modernjazz-2024-mapping-2\/\">02\/ PIXELS<\/a><\/h2>\n\n\n\n<h2 class=\"wp-block-heading\"><a href=\"https:\/\/www.nl-images.com\/presentation\/index.php\/2024\/06\/27\/gala-modernjazz-2024-mapping-3\/\">03\/ TOTEM TEMA<\/a><\/h2>\n\n\n\n<h2 class=\"wp-block-heading\"><a href=\"https:\/\/www.nl-images.com\/presentation\/index.php\/2024\/06\/27\/gala-modernjazz-2024-mapping-4\/\">04\/ MOVEMENT &#8211; JAZZ 2<\/a><\/h2>\n\n\n\n<h2 class=\"wp-block-heading\"><a href=\"https:\/\/www.nl-images.com\/presentation\/index.php\/2024\/06\/27\/gala-modernjazz-2024-mapping-5\/\">04\/ MOVEMENT &#8211; JAZZ INTER<\/a><\/h2>\n\n\n\n<h2 class=\"wp-block-heading\"><a href=\"https:\/\/www.nl-images.com\/presentation\/index.php\/2024\/06\/27\/gala-modernjazz-2024-mapping-6\/\">05\/ SYMPHONIE<\/a><\/h2>\n\n\n\n<h2 class=\"wp-block-heading\"><a href=\"https:\/\/www.nl-images.com\/presentation\/index.php\/2024\/06\/27\/gala-modernjazz-2024-mapping-7\/\">06\/ MUTATE<\/a><\/h2>\n\n\n\n<h2 class=\"wp-block-heading\"><a href=\"https:\/\/www.nl-images.com\/presentation\/index.php\/2024\/06\/27\/gala-modernjazz-2024-mapping-8\/\">07\/ DARK HORSE<\/a><\/h2>\n\n\n\n<h2 class=\"wp-block-heading\"><a href=\"https:\/\/www.nl-images.com\/presentation\/index.php\/2024\/06\/27\/gala-modernjazz-2024-mapping-9\/\">08\/ SEPPELINER<\/a><\/h2>\n\n\n\n<h2 class=\"wp-block-heading\"><a href=\"https:\/\/www.nl-images.com\/presentation\/index.php\/2024\/06\/28\/gala-modernjazz-2024-mapping-13\/\">09\/ MASTERPLAN<\/a><\/h2>\n\n\n\n<h2 class=\"wp-block-heading\"><a href=\"https:\/\/www.nl-images.com\/presentation\/index.php\/2024\/06\/27\/gala-modernjazz-2024-mapping-10\/\">10\/ ORIENT &#8211; JAZZ ADULTES<\/a><\/h2>\n\n\n\n<h2 class=\"wp-block-heading\"><a href=\"https:\/\/www.nl-images.com\/presentation\/index.php\/2024\/06\/27\/gala-modernjazz-2024-mapping-11\/\">10\/ ORIENT &#8211; JAZZ 3<\/a><\/h2>\n\n\n\n<h2 class=\"wp-block-heading\"><a href=\"https:\/\/www.nl-images.com\/presentation\/index.php\/2024\/06\/27\/gala-modernjazz-2024-mapping-12\/\">11\/ ADIR ADIRIM<\/a><\/h2>\n\n\n\n<h2 class=\"wp-block-heading\"><a href=\"https:\/\/www.nl-images.com\/presentation\/index.php\/2024\/06\/28\/gala-modernjazz-2024-mapping-14\/\">12\/ FINAL<\/a><\/h2>\n\n\n\n<h2 class=\"wp-block-heading\"><a href=\"https:\/\/www.nl-images.com\/presentation\/index.php\/2024\/06\/28\/gala-modernjazz-2024-mapping-15\/\">13 \/ Ambiance | Ch\u00e2teau<\/a><\/h2>\n\n\n\n<p><\/p>\n\n\n\n<h2 class=\"wp-block-heading\">&#8211; Ces images sont disponibles en libre t\u00e9l\u00e9chargement. <br><strong>&#8211; Si vous souhaitez des photos en r\u00e9solution d&#8217;origine afin d&#8217;effectuer des tirages et\/ou v\u00e9rifier si je n&#8217;en n&#8217;ai pas d&#8217;autres merci de me contacter par e-mail : <a href=\"mailto:nico@nl-images.com\" rel=\"nofollow\">_contact_mail_<\/a><\/strong><\/h2>\n\n\n\n<h4 class=\"wp-block-heading\">&#8211; Merci de me pr\u00e9venir si vous souhaitez modifier les photos.<br>&#8211; Merci d&#8217;indiquer l&#8217;auteur des photos sur vos publications r\u00e9seaux sociaux\/sites internet\/m\u00e9dias.<br>(les liens vers mes pages Instagram\/Facebook et site web sont disponible via les icones en haut \u00e0 gauche).<\/h4>\n","protected":false},"excerpt":{"rendered":"<p>La Tour d&#8217;Aigues le 14\/06\/2024, spectacle de danse propos\u00e9 par Laura Retrouvez les photos de vos enfants, famille ou amis en fonction de la sc\u00e8ne qu&#8217;ils ont interpr\u00e9t\u00e9. 01\/ OUVERTURE 02\/ PIXELS 03\/ TOTEM TEMA 04\/ MOVEMENT &#8211; JAZZ 2 04\/ MOVEMENT &#8211; JAZZ INTER 05\/ SYMPHONIE 06\/ MUTATE 07\/ DARK HORSE 08\/ SEPPELINER 09\/ [&hellip;]<\/p>\n","protected":false},"author":1,"featured_media":0,"parent":0,"menu_order":0,"comment_status":"closed","ping_status":"closed","template":"","meta":{"pgc_sgb_lightbox_settings":"","footnotes":""},"class_list":["post-5038","page","type-page","status-publish","hentry"],"yoast_head":"<!-- This site is optimized with the Yoast SEO plugin v21.4 - https:\/\/yoast.com\/wordpress\/plugins\/seo\/ -->\n<title>GALA MODERN&#039;JAZZ 2024 : MAPPING - Nicolas LEROOY Photographies<\/title>\n<meta name=\"description\" content=\"Revivez l&#039;\u00e9motion du Gala de Modern Jazz de la Tour d&#039;Aigues : MAPPING, un spectacle de danse contemporain qui c\u00e9l\u00e8bre la cr\u00e9ativit\u00e9 et le talent. Avec ma galerie photo re-plongez dans l&#039;univers de mouvements cr\u00e9\u00e9 par Laura.\" \/>\n<meta name=\"robots\" content=\"index, follow, max-snippet:-1, max-image-preview:large, max-video-preview:-1\" \/>\n<link rel=\"canonical\" href=\"https:\/\/www.nl-images.com\/presentation\/index.php\/gala-modernjazz-2024-mapping-la-tour-daigues\/\" \/>\n<meta property=\"og:locale\" content=\"fr_FR\" \/>\n<meta property=\"og:type\" content=\"article\" \/>\n<meta property=\"og:title\" content=\"GALA MODERN&#039;JAZZ 2024 : MAPPING - Nicolas LEROOY Photographies\" \/>\n<meta property=\"og:description\" content=\"Revivez l&#039;\u00e9motion du Gala de Modern Jazz de la Tour d&#039;Aigues : MAPPING, un spectacle de danse contemporain qui c\u00e9l\u00e8bre la cr\u00e9ativit\u00e9 et le talent. Avec ma galerie photo re-plongez dans l&#039;univers de mouvements cr\u00e9\u00e9 par Laura.\" \/>\n<meta property=\"og:url\" content=\"https:\/\/www.nl-images.com\/presentation\/index.php\/gala-modernjazz-2024-mapping-la-tour-daigues\/\" \/>\n<meta property=\"og:site_name\" content=\"Nicolas LEROOY Photographies\" \/>\n<meta property=\"article:publisher\" content=\"https:\/\/www.facebook.com\/racerelive\" \/>\n<meta property=\"article:modified_time\" content=\"2024-06-28T13:33:06+00:00\" \/>\n<meta property=\"og:image\" content=\"https:\/\/www.nl-images.com\/presentation\/wp-content\/uploads\/2024\/06\/timelaspe-copie-petit.gif\" \/>\n<meta name=\"twitter:card\" content=\"summary_large_image\" \/>\n<meta name=\"twitter:label1\" content=\"Dur\u00e9e de lecture estim\u00e9e\" \/>\n\t<meta name=\"twitter:data1\" content=\"1 minute\" \/>\n<script type=\"application\/ld+json\" class=\"yoast-schema-graph\">{\"@context\":\"https:\/\/schema.org\",\"@graph\":[{\"@type\":\"WebPage\",\"@id\":\"https:\/\/www.nl-images.com\/presentation\/index.php\/gala-modernjazz-2024-mapping-la-tour-daigues\/\",\"url\":\"https:\/\/www.nl-images.com\/presentation\/index.php\/gala-modernjazz-2024-mapping-la-tour-daigues\/\",\"name\":\"GALA MODERN'JAZZ 2024 : MAPPING - Nicolas LEROOY Photographies\",\"isPartOf\":{\"@id\":\"https:\/\/www.nl-images.com\/presentation\/#website\"},\"datePublished\":\"2024-06-27T17:56:27+00:00\",\"dateModified\":\"2024-06-28T13:33:06+00:00\",\"description\":\"Revivez l'\u00e9motion du Gala de Modern Jazz de la Tour d'Aigues : MAPPING, un spectacle de danse contemporain qui c\u00e9l\u00e8bre la cr\u00e9ativit\u00e9 et le talent. Avec ma galerie photo re-plongez dans l'univers de mouvements cr\u00e9\u00e9 par Laura.\",\"breadcrumb\":{\"@id\":\"https:\/\/www.nl-images.com\/presentation\/index.php\/gala-modernjazz-2024-mapping-la-tour-daigues\/#breadcrumb\"},\"inLanguage\":\"fr-FR\",\"potentialAction\":[{\"@type\":\"ReadAction\",\"target\":[\"https:\/\/www.nl-images.com\/presentation\/index.php\/gala-modernjazz-2024-mapping-la-tour-daigues\/\"]}]},{\"@type\":\"BreadcrumbList\",\"@id\":\"https:\/\/www.nl-images.com\/presentation\/index.php\/gala-modernjazz-2024-mapping-la-tour-daigues\/#breadcrumb\",\"itemListElement\":[{\"@type\":\"ListItem\",\"position\":1,\"name\":\"Accueil\",\"item\":\"https:\/\/www.nl-images.com\/presentation\/\"},{\"@type\":\"ListItem\",\"position\":2,\"name\":\"GALA MODERN&#8217;JAZZ 2024 : MAPPING\"}]},{\"@type\":\"WebSite\",\"@id\":\"https:\/\/www.nl-images.com\/presentation\/#website\",\"url\":\"https:\/\/www.nl-images.com\/presentation\/\",\"name\":\"Nicolas LEROOY Photographies\",\"description\":\"Nicolas LEROOY Photographies\",\"publisher\":{\"@id\":\"https:\/\/www.nl-images.com\/presentation\/#\/schema\/person\/244d97395453885e79ce223b13ad0ed8\"},\"potentialAction\":[{\"@type\":\"SearchAction\",\"target\":{\"@type\":\"EntryPoint\",\"urlTemplate\":\"https:\/\/www.nl-images.com\/presentation\/?s={search_term_string}\"},\"query-input\":\"required name=search_term_string\"}],\"inLanguage\":\"fr-FR\"},{\"@type\":[\"Person\",\"Organization\"],\"@id\":\"https:\/\/www.nl-images.com\/presentation\/#\/schema\/person\/244d97395453885e79ce223b13ad0ed8\",\"name\":\"Nicolas LEROOY\",\"image\":{\"@type\":\"ImageObject\",\"inLanguage\":\"fr-FR\",\"@id\":\"https:\/\/www.nl-images.com\/presentation\/#\/schema\/person\/image\/\",\"url\":\"http:\/\/nl-images.com\/presentation\/wp-content\/uploads\/2023\/10\/logo_nl-images.png\",\"contentUrl\":\"http:\/\/nl-images.com\/presentation\/wp-content\/uploads\/2023\/10\/logo_nl-images.png\",\"width\":1203,\"height\":126,\"caption\":\"Nicolas LEROOY\"},\"logo\":{\"@id\":\"https:\/\/www.nl-images.com\/presentation\/#\/schema\/person\/image\/\"},\"sameAs\":[\"http:\/\/www.nl-images.com\",\"https:\/\/www.facebook.com\/racerelive\",\"https:\/\/www.nicolas_lerooy_photographe\",\"https:\/\/www.linkedin.com\/in\/nicolas-lerooy-4\"]}]}<\/script>\n<!-- \/ Yoast SEO plugin. -->","yoast_head_json":{"title":"GALA MODERN'JAZZ 2024 : MAPPING - Nicolas LEROOY Photographies","description":"Revivez l'\u00e9motion du Gala de Modern Jazz de la Tour d'Aigues : MAPPING, un spectacle de danse contemporain qui c\u00e9l\u00e8bre la cr\u00e9ativit\u00e9 et le talent. Avec ma galerie photo re-plongez dans l'univers de mouvements cr\u00e9\u00e9 par Laura.","robots":{"index":"index","follow":"follow","max-snippet":"max-snippet:-1","max-image-preview":"max-image-preview:large","max-video-preview":"max-video-preview:-1"},"canonical":"https:\/\/www.nl-images.com\/presentation\/index.php\/gala-modernjazz-2024-mapping-la-tour-daigues\/","og_locale":"fr_FR","og_type":"article","og_title":"GALA MODERN'JAZZ 2024 : MAPPING - Nicolas LEROOY Photographies","og_description":"Revivez l'\u00e9motion du Gala de Modern Jazz de la Tour d'Aigues : MAPPING, un spectacle de danse contemporain qui c\u00e9l\u00e8bre la cr\u00e9ativit\u00e9 et le talent. Avec ma galerie photo re-plongez dans l'univers de mouvements cr\u00e9\u00e9 par Laura.","og_url":"https:\/\/www.nl-images.com\/presentation\/index.php\/gala-modernjazz-2024-mapping-la-tour-daigues\/","og_site_name":"Nicolas LEROOY Photographies","article_publisher":"https:\/\/www.facebook.com\/racerelive","article_modified_time":"2024-06-28T13:33:06+00:00","og_image":[{"url":"https:\/\/www.nl-images.com\/presentation\/wp-content\/uploads\/2024\/06\/timelaspe-copie-petit.gif"}],"twitter_card":"summary_large_image","twitter_misc":{"Dur\u00e9e de lecture estim\u00e9e":"1 minute"},"schema":{"@context":"https:\/\/schema.org","@graph":[{"@type":"WebPage","@id":"https:\/\/www.nl-images.com\/presentation\/index.php\/gala-modernjazz-2024-mapping-la-tour-daigues\/","url":"https:\/\/www.nl-images.com\/presentation\/index.php\/gala-modernjazz-2024-mapping-la-tour-daigues\/","name":"GALA MODERN'JAZZ 2024 : MAPPING - Nicolas LEROOY Photographies","isPartOf":{"@id":"https:\/\/www.nl-images.com\/presentation\/#website"},"datePublished":"2024-06-27T17:56:27+00:00","dateModified":"2024-06-28T13:33:06+00:00","description":"Revivez l'\u00e9motion du Gala de Modern Jazz de la Tour d'Aigues : MAPPING, un spectacle de danse contemporain qui c\u00e9l\u00e8bre la cr\u00e9ativit\u00e9 et le talent. Avec ma galerie photo re-plongez dans l'univers de mouvements cr\u00e9\u00e9 par Laura.","breadcrumb":{"@id":"https:\/\/www.nl-images.com\/presentation\/index.php\/gala-modernjazz-2024-mapping-la-tour-daigues\/#breadcrumb"},"inLanguage":"fr-FR","potentialAction":[{"@type":"ReadAction","target":["https:\/\/www.nl-images.com\/presentation\/index.php\/gala-modernjazz-2024-mapping-la-tour-daigues\/"]}]},{"@type":"BreadcrumbList","@id":"https:\/\/www.nl-images.com\/presentation\/index.php\/gala-modernjazz-2024-mapping-la-tour-daigues\/#breadcrumb","itemListElement":[{"@type":"ListItem","position":1,"name":"Accueil","item":"https:\/\/www.nl-images.com\/presentation\/"},{"@type":"ListItem","position":2,"name":"GALA MODERN&#8217;JAZZ 2024 : MAPPING"}]},{"@type":"WebSite","@id":"https:\/\/www.nl-images.com\/presentation\/#website","url":"https:\/\/www.nl-images.com\/presentation\/","name":"Nicolas LEROOY Photographies","description":"Nicolas LEROOY Photographies","publisher":{"@id":"https:\/\/www.nl-images.com\/presentation\/#\/schema\/person\/244d97395453885e79ce223b13ad0ed8"},"potentialAction":[{"@type":"SearchAction","target":{"@type":"EntryPoint","urlTemplate":"https:\/\/www.nl-images.com\/presentation\/?s={search_term_string}"},"query-input":"required name=search_term_string"}],"inLanguage":"fr-FR"},{"@type":["Person","Organization"],"@id":"https:\/\/www.nl-images.com\/presentation\/#\/schema\/person\/244d97395453885e79ce223b13ad0ed8","name":"Nicolas LEROOY","image":{"@type":"ImageObject","inLanguage":"fr-FR","@id":"https:\/\/www.nl-images.com\/presentation\/#\/schema\/person\/image\/","url":"http:\/\/nl-images.com\/presentation\/wp-content\/uploads\/2023\/10\/logo_nl-images.png","contentUrl":"http:\/\/nl-images.com\/presentation\/wp-content\/uploads\/2023\/10\/logo_nl-images.png","width":1203,"height":126,"caption":"Nicolas LEROOY"},"logo":{"@id":"https:\/\/www.nl-images.com\/presentation\/#\/schema\/person\/image\/"},"sameAs":["http:\/\/www.nl-images.com","https:\/\/www.facebook.com\/racerelive","https:\/\/www.nicolas_lerooy_photographe","https:\/\/www.linkedin.com\/in\/nicolas-lerooy-4"]}]}},"_links":{"self":[{"href":"https:\/\/www.nl-images.com\/presentation\/index.php\/wp-json\/wp\/v2\/pages\/5038","targetHints":{"allow":["GET"]}}],"collection":[{"href":"https:\/\/www.nl-images.com\/presentation\/index.php\/wp-json\/wp\/v2\/pages"}],"about":[{"href":"https:\/\/www.nl-images.com\/presentation\/index.php\/wp-json\/wp\/v2\/types\/page"}],"author":[{"embeddable":true,"href":"https:\/\/www.nl-images.com\/presentation\/index.php\/wp-json\/wp\/v2\/users\/1"}],"replies":[{"embeddable":true,"href":"https:\/\/www.nl-images.com\/presentation\/index.php\/wp-json\/wp\/v2\/comments?post=5038"}],"version-history":[{"count":17,"href":"https:\/\/www.nl-images.com\/presentation\/index.php\/wp-json\/wp\/v2\/pages\/5038\/revisions"}],"predecessor-version":[{"id":5578,"href":"https:\/\/www.nl-images.com\/presentation\/index.php\/wp-json\/wp\/v2\/pages\/5038\/revisions\/5578"}],"wp:attachment":[{"href":"https:\/\/www.nl-images.com\/presentation\/index.php\/wp-json\/wp\/v2\/media?parent=5038"}],"curies":[{"name":"wp","href":"https:\/\/api.w.org\/{rel}","templated":true}]}}