{"id":3052,"date":"2023-07-04T23:03:06","date_gmt":"2023-07-04T21:03:06","guid":{"rendered":"http:\/\/nl-images.com\/presentation\/?page_id=3052"},"modified":"2023-07-06T12:39:56","modified_gmt":"2023-07-06T10:39:56","slug":"gala-modrenjazz-la-tour-daigues-23-06-2023","status":"publish","type":"page","link":"https:\/\/www.nl-images.com\/presentation\/index.php\/gala-modrenjazz-la-tour-daigues-23-06-2023\/","title":{"rendered":"GALA MODERN&#8217;JAZZ &#8211; La Tour d&#8217;Aigues &#8211; 23\/06\/2023"},"content":{"rendered":"\n<p><\/p>\n\n\n\n<p class=\"has-pinhole-bg-background-color has-background has-large-font-size\">Retrouvez les photos du Gala, class\u00e9es par groupe, dans l&#8217;ordre des repr\u00e9sentations.<br>Ces images sont en libre t\u00e9l\u00e9chargement. Vous pouvez en disposer librement dans le cadre d&#8217;un usage familial.<br>Veuillez \u00e0 respecter les droits d&#8217;auteurs.<br><br>Si vous souhaitez r\u00e9aliser des tirages papier en diff\u00e9rents formats, ou des tirages en tableau sur format alu, voici le lien \u00e0 utiliser :<br><a rel=\"noreferrer noopener\" href=\"https:\/\/photo-portal.shop\/share\/SqKQK9H\/\" target=\"_blank\">COMMANDE DE TIRAGES PHOTO \/ IMPRESSION SUR CADRE \/ TELECHARGEMENT <\/a><br>La gestion du type de commande, et de l&#8217;exp\u00e9dition se fait via mon prestataire imprimeur. Tout lui est d\u00e9l\u00e9gu\u00e9 concernant la qualit\u00e9 du fichier et l&#8217;envoi directement \u00e0 votre domicile.<br>Je reste bien entendu \u00e0 votre disposition pour toute question pr\u00e9alable \u00e0 toute commande.<br><\/p>\n\n\n\n<p class=\"has-text-align-center has-text-color has-background has-huge-font-size\" style=\"color:#f9972e;background-color:#118611\">FOREST &#8211; Les galeries d&#8217;images :<\/p>\n\n\n\n<p class=\"has-normal-font-size\"><a href=\"http:\/\/nl-images.com\/presentation\/index.php\/forest-01-ouverture\/\">01 &#8211; Ouverture<\/a><br><a href=\"http:\/\/nl-images.com\/presentation\/index.php\/forest-02-les-cerfs\/\">02 &#8211; Les Cerfs<\/a><br><a href=\"http:\/\/nl-images.com\/presentation\/index.php\/forest-03-les-chaperons\/\">03 &#8211; Les Chaperons<\/a><br><a href=\"http:\/\/nl-images.com\/presentation\/index.php\/forest-04-les-petites-poucettes\/\">04 &#8211; Les Petites Poucettes<\/a><br><a href=\"http:\/\/nl-images.com\/presentation\/index.php\/forest-05-au-clair-de-la-lune\/\">05 &#8211; Au Clair De La Lune<\/a><br><a href=\"http:\/\/nl-images.com\/presentation\/index.php\/forest-0-les-renardes\/\">06 &#8211; Les Renardes<\/a><br><a href=\"http:\/\/nl-images.com\/presentation\/index.php\/forest-07-tribes\/\">07 &#8211; Tribes<\/a><br><a href=\"http:\/\/nl-images.com\/presentation\/index.php\/forest-08-nawwar\/\">08 &#8211; Naww\u00e2r<\/a><br><a href=\"http:\/\/nl-images.com\/presentation\/index.php\/forest-09-nighwatch\/\">09 &#8211; Nightwatch<\/a><br><a href=\"http:\/\/nl-images.com\/presentation\/index.php\/forest-10-o2-co2\/\">10 &#8211; O\u00b2 &#8211; CO\u00b2<\/a><br><a href=\"http:\/\/nl-images.com\/presentation\/index.php\/forest-11-par-les-sentiers\/\">11 &#8211; Par Les Sentiers<\/a><br><a href=\"http:\/\/nl-images.com\/presentation\/index.php\/forest-12-under-zero\/\">12 &#8211; Under Zero<\/a><br><a href=\"http:\/\/nl-images.com\/presentation\/index.php\/forest-13-sing-sing-sing\/\">13 &#8211; Sing Sing Sing<\/a><br><a href=\"http:\/\/nl-images.com\/presentation\/index.php\/forest-14-radioactive\/\">14 &#8211; Radioactive<\/a><br><a href=\"http:\/\/nl-images.com\/presentation\/index.php\/forest-15-fire-destruction\/\">15 &#8211; Fire Destruction<\/a><br><a href=\"http:\/\/nl-images.com\/presentation\/index.php\/forest-16-veleno\/\">16 &#8211; Veleno<\/a><br><a href=\"http:\/\/nl-images.com\/presentation\/index.php\/forest-17-final\/\">17 &#8211; Final<\/a><\/p>\n\n\n\n<p class=\"has-normal-font-size\"><a href=\"http:\/\/nl-images.com\/presentation\/index.php\/forest-ambiance\/\">AMBIANCE<\/a><\/p>\n\n\n\n<figure class=\"wp-block-image size-large\"><img loading=\"lazy\" decoding=\"async\" width=\"1024\" height=\"683\" src=\"http:\/\/nl-images.com\/presentation\/wp-content\/uploads\/2023\/07\/Ambiance-01-1024x683.jpg\" alt=\"\" class=\"wp-image-3377\" srcset=\"https:\/\/www.nl-images.com\/presentation\/wp-content\/uploads\/2023\/07\/Ambiance-01-1024x683.jpg 1024w, https:\/\/www.nl-images.com\/presentation\/wp-content\/uploads\/2023\/07\/Ambiance-01-300x200.jpg 300w, https:\/\/www.nl-images.com\/presentation\/wp-content\/uploads\/2023\/07\/Ambiance-01-768x512.jpg 768w, https:\/\/www.nl-images.com\/presentation\/wp-content\/uploads\/2023\/07\/Ambiance-01-1536x1024.jpg 1536w, https:\/\/www.nl-images.com\/presentation\/wp-content\/uploads\/2023\/07\/Ambiance-01-2048x1366.jpg 2048w, https:\/\/www.nl-images.com\/presentation\/wp-content\/uploads\/2023\/07\/Ambiance-01-1194x796.jpg 1194w, https:\/\/www.nl-images.com\/presentation\/wp-content\/uploads\/2023\/07\/Ambiance-01-582x388.jpg 582w, https:\/\/www.nl-images.com\/presentation\/wp-content\/uploads\/2023\/07\/Ambiance-01-378x252.jpg 378w, https:\/\/www.nl-images.com\/presentation\/wp-content\/uploads\/2023\/07\/Ambiance-01-276x184.jpg 276w, https:\/\/www.nl-images.com\/presentation\/wp-content\/uploads\/2023\/07\/Ambiance-01-675x450.jpg 675w, https:\/\/www.nl-images.com\/presentation\/wp-content\/uploads\/2023\/07\/Ambiance-01-1320x880.jpg 1320w\" sizes=\"auto, (max-width: 1024px) 100vw, 1024px\" \/><\/figure>\n\n\n\n<figure class=\"wp-block-image size-large\"><img loading=\"lazy\" decoding=\"async\" width=\"1024\" height=\"683\" src=\"http:\/\/nl-images.com\/presentation\/wp-content\/uploads\/2023\/07\/Veleno-18-1024x683.jpg\" alt=\"\" class=\"wp-image-3346\" srcset=\"https:\/\/www.nl-images.com\/presentation\/wp-content\/uploads\/2023\/07\/Veleno-18-1024x683.jpg 1024w, https:\/\/www.nl-images.com\/presentation\/wp-content\/uploads\/2023\/07\/Veleno-18-300x200.jpg 300w, https:\/\/www.nl-images.com\/presentation\/wp-content\/uploads\/2023\/07\/Veleno-18-768x512.jpg 768w, https:\/\/www.nl-images.com\/presentation\/wp-content\/uploads\/2023\/07\/Veleno-18-1536x1024.jpg 1536w, https:\/\/www.nl-images.com\/presentation\/wp-content\/uploads\/2023\/07\/Veleno-18-2048x1366.jpg 2048w, https:\/\/www.nl-images.com\/presentation\/wp-content\/uploads\/2023\/07\/Veleno-18-1194x796.jpg 1194w, https:\/\/www.nl-images.com\/presentation\/wp-content\/uploads\/2023\/07\/Veleno-18-582x388.jpg 582w, https:\/\/www.nl-images.com\/presentation\/wp-content\/uploads\/2023\/07\/Veleno-18-378x252.jpg 378w, https:\/\/www.nl-images.com\/presentation\/wp-content\/uploads\/2023\/07\/Veleno-18-276x184.jpg 276w, https:\/\/www.nl-images.com\/presentation\/wp-content\/uploads\/2023\/07\/Veleno-18-675x450.jpg 675w, https:\/\/www.nl-images.com\/presentation\/wp-content\/uploads\/2023\/07\/Veleno-18-1320x880.jpg 1320w\" sizes=\"auto, (max-width: 1024px) 100vw, 1024px\" \/><\/figure>\n\n\n\n<figure class=\"wp-block-image size-large\"><img loading=\"lazy\" decoding=\"async\" width=\"1024\" height=\"683\" src=\"http:\/\/nl-images.com\/presentation\/wp-content\/uploads\/2023\/07\/Sentiers-10-1024x683.jpg\" alt=\"\" class=\"wp-image-3268\" srcset=\"https:\/\/www.nl-images.com\/presentation\/wp-content\/uploads\/2023\/07\/Sentiers-10-1024x683.jpg 1024w, https:\/\/www.nl-images.com\/presentation\/wp-content\/uploads\/2023\/07\/Sentiers-10-300x200.jpg 300w, https:\/\/www.nl-images.com\/presentation\/wp-content\/uploads\/2023\/07\/Sentiers-10-768x512.jpg 768w, https:\/\/www.nl-images.com\/presentation\/wp-content\/uploads\/2023\/07\/Sentiers-10-1536x1024.jpg 1536w, https:\/\/www.nl-images.com\/presentation\/wp-content\/uploads\/2023\/07\/Sentiers-10-2048x1366.jpg 2048w, https:\/\/www.nl-images.com\/presentation\/wp-content\/uploads\/2023\/07\/Sentiers-10-1194x796.jpg 1194w, https:\/\/www.nl-images.com\/presentation\/wp-content\/uploads\/2023\/07\/Sentiers-10-582x388.jpg 582w, https:\/\/www.nl-images.com\/presentation\/wp-content\/uploads\/2023\/07\/Sentiers-10-378x252.jpg 378w, https:\/\/www.nl-images.com\/presentation\/wp-content\/uploads\/2023\/07\/Sentiers-10-276x184.jpg 276w, https:\/\/www.nl-images.com\/presentation\/wp-content\/uploads\/2023\/07\/Sentiers-10-675x450.jpg 675w, https:\/\/www.nl-images.com\/presentation\/wp-content\/uploads\/2023\/07\/Sentiers-10-1320x880.jpg 1320w\" sizes=\"auto, (max-width: 1024px) 100vw, 1024px\" \/><\/figure>\n\n\n\n<figure class=\"wp-block-image size-large\"><img loading=\"lazy\" decoding=\"async\" width=\"1024\" height=\"683\" src=\"http:\/\/nl-images.com\/presentation\/wp-content\/uploads\/2023\/07\/Poucettes-11-1024x683.jpg\" alt=\"\" class=\"wp-image-3118\" srcset=\"https:\/\/www.nl-images.com\/presentation\/wp-content\/uploads\/2023\/07\/Poucettes-11-1024x683.jpg 1024w, https:\/\/www.nl-images.com\/presentation\/wp-content\/uploads\/2023\/07\/Poucettes-11-300x200.jpg 300w, https:\/\/www.nl-images.com\/presentation\/wp-content\/uploads\/2023\/07\/Poucettes-11-768x512.jpg 768w, https:\/\/www.nl-images.com\/presentation\/wp-content\/uploads\/2023\/07\/Poucettes-11-1536x1024.jpg 1536w, https:\/\/www.nl-images.com\/presentation\/wp-content\/uploads\/2023\/07\/Poucettes-11-2048x1366.jpg 2048w, https:\/\/www.nl-images.com\/presentation\/wp-content\/uploads\/2023\/07\/Poucettes-11-1194x796.jpg 1194w, https:\/\/www.nl-images.com\/presentation\/wp-content\/uploads\/2023\/07\/Poucettes-11-582x388.jpg 582w, https:\/\/www.nl-images.com\/presentation\/wp-content\/uploads\/2023\/07\/Poucettes-11-378x252.jpg 378w, https:\/\/www.nl-images.com\/presentation\/wp-content\/uploads\/2023\/07\/Poucettes-11-276x184.jpg 276w, https:\/\/www.nl-images.com\/presentation\/wp-content\/uploads\/2023\/07\/Poucettes-11-675x450.jpg 675w, https:\/\/www.nl-images.com\/presentation\/wp-content\/uploads\/2023\/07\/Poucettes-11-1320x880.jpg 1320w\" sizes=\"auto, (max-width: 1024px) 100vw, 1024px\" \/><\/figure>\n","protected":false},"excerpt":{"rendered":"<p>Retrouvez les photos du Gala, class\u00e9es par groupe, dans l&#8217;ordre des repr\u00e9sentations.Ces images sont en libre t\u00e9l\u00e9chargement. Vous pouvez en disposer librement dans le cadre d&#8217;un usage familial.Veuillez \u00e0 respecter les droits d&#8217;auteurs. Si vous souhaitez r\u00e9aliser des tirages papier en diff\u00e9rents formats, ou des tirages en tableau sur format alu, voici le lien \u00e0 [&hellip;]<\/p>\n","protected":false},"author":1,"featured_media":0,"parent":0,"menu_order":0,"comment_status":"closed","ping_status":"closed","template":"","meta":{"pgc_sgb_lightbox_settings":"","footnotes":""},"class_list":["post-3052","page","type-page","status-publish","hentry"],"yoast_head":"<!-- This site is optimized with the Yoast SEO plugin v21.4 - https:\/\/yoast.com\/wordpress\/plugins\/seo\/ -->\n<title>GALA MODERN&#039;JAZZ - La Tour d&#039;Aigues - 23\/06\/2023 - Nicolas LEROOY Photographies<\/title>\n<meta name=\"robots\" content=\"index, follow, max-snippet:-1, max-image-preview:large, max-video-preview:-1\" \/>\n<link rel=\"canonical\" href=\"https:\/\/www.nl-images.com\/presentation\/index.php\/gala-modrenjazz-la-tour-daigues-23-06-2023\/\" \/>\n<meta property=\"og:locale\" content=\"fr_FR\" \/>\n<meta property=\"og:type\" content=\"article\" \/>\n<meta property=\"og:title\" content=\"GALA MODERN&#039;JAZZ - La Tour d&#039;Aigues - 23\/06\/2023 - Nicolas LEROOY Photographies\" \/>\n<meta property=\"og:description\" content=\"Retrouvez les photos du Gala, class\u00e9es par groupe, dans l&#8217;ordre des repr\u00e9sentations.Ces images sont en libre t\u00e9l\u00e9chargement. Vous pouvez en disposer librement dans le cadre d&#8217;un usage familial.Veuillez \u00e0 respecter les droits d&#8217;auteurs. Si vous souhaitez r\u00e9aliser des tirages papier en diff\u00e9rents formats, ou des tirages en tableau sur format alu, voici le lien \u00e0 [&hellip;]\" \/>\n<meta property=\"og:url\" content=\"https:\/\/www.nl-images.com\/presentation\/index.php\/gala-modrenjazz-la-tour-daigues-23-06-2023\/\" \/>\n<meta property=\"og:site_name\" content=\"Nicolas LEROOY Photographies\" \/>\n<meta property=\"article:publisher\" content=\"https:\/\/www.facebook.com\/racerelive\" \/>\n<meta property=\"article:modified_time\" content=\"2023-07-06T10:39:56+00:00\" \/>\n<meta property=\"og:image\" content=\"http:\/\/nl-images.com\/presentation\/wp-content\/uploads\/2023\/07\/Ambiance-01-1024x683.jpg\" \/>\n<meta name=\"twitter:card\" content=\"summary_large_image\" \/>\n<meta name=\"twitter:label1\" content=\"Dur\u00e9e de lecture estim\u00e9e\" \/>\n\t<meta name=\"twitter:data1\" content=\"1 minute\" \/>\n<script type=\"application\/ld+json\" class=\"yoast-schema-graph\">{\"@context\":\"https:\/\/schema.org\",\"@graph\":[{\"@type\":\"WebPage\",\"@id\":\"https:\/\/www.nl-images.com\/presentation\/index.php\/gala-modrenjazz-la-tour-daigues-23-06-2023\/\",\"url\":\"https:\/\/www.nl-images.com\/presentation\/index.php\/gala-modrenjazz-la-tour-daigues-23-06-2023\/\",\"name\":\"GALA MODERN'JAZZ - La Tour d'Aigues - 23\/06\/2023 - Nicolas LEROOY Photographies\",\"isPartOf\":{\"@id\":\"https:\/\/www.nl-images.com\/presentation\/#website\"},\"datePublished\":\"2023-07-04T21:03:06+00:00\",\"dateModified\":\"2023-07-06T10:39:56+00:00\",\"breadcrumb\":{\"@id\":\"https:\/\/www.nl-images.com\/presentation\/index.php\/gala-modrenjazz-la-tour-daigues-23-06-2023\/#breadcrumb\"},\"inLanguage\":\"fr-FR\",\"potentialAction\":[{\"@type\":\"ReadAction\",\"target\":[\"https:\/\/www.nl-images.com\/presentation\/index.php\/gala-modrenjazz-la-tour-daigues-23-06-2023\/\"]}]},{\"@type\":\"BreadcrumbList\",\"@id\":\"https:\/\/www.nl-images.com\/presentation\/index.php\/gala-modrenjazz-la-tour-daigues-23-06-2023\/#breadcrumb\",\"itemListElement\":[{\"@type\":\"ListItem\",\"position\":1,\"name\":\"Accueil\",\"item\":\"https:\/\/www.nl-images.com\/presentation\/\"},{\"@type\":\"ListItem\",\"position\":2,\"name\":\"GALA MODERN&#8217;JAZZ &#8211; La Tour d&#8217;Aigues &#8211; 23\/06\/2023\"}]},{\"@type\":\"WebSite\",\"@id\":\"https:\/\/www.nl-images.com\/presentation\/#website\",\"url\":\"https:\/\/www.nl-images.com\/presentation\/\",\"name\":\"Nicolas LEROOY Photographies\",\"description\":\"Nicolas LEROOY Photographies\",\"publisher\":{\"@id\":\"https:\/\/www.nl-images.com\/presentation\/#\/schema\/person\/244d97395453885e79ce223b13ad0ed8\"},\"potentialAction\":[{\"@type\":\"SearchAction\",\"target\":{\"@type\":\"EntryPoint\",\"urlTemplate\":\"https:\/\/www.nl-images.com\/presentation\/?s={search_term_string}\"},\"query-input\":\"required name=search_term_string\"}],\"inLanguage\":\"fr-FR\"},{\"@type\":[\"Person\",\"Organization\"],\"@id\":\"https:\/\/www.nl-images.com\/presentation\/#\/schema\/person\/244d97395453885e79ce223b13ad0ed8\",\"name\":\"Nicolas LEROOY\",\"image\":{\"@type\":\"ImageObject\",\"inLanguage\":\"fr-FR\",\"@id\":\"https:\/\/www.nl-images.com\/presentation\/#\/schema\/person\/image\/\",\"url\":\"http:\/\/nl-images.com\/presentation\/wp-content\/uploads\/2023\/10\/logo_nl-images.png\",\"contentUrl\":\"http:\/\/nl-images.com\/presentation\/wp-content\/uploads\/2023\/10\/logo_nl-images.png\",\"width\":1203,\"height\":126,\"caption\":\"Nicolas LEROOY\"},\"logo\":{\"@id\":\"https:\/\/www.nl-images.com\/presentation\/#\/schema\/person\/image\/\"},\"sameAs\":[\"http:\/\/www.nl-images.com\",\"https:\/\/www.facebook.com\/racerelive\",\"https:\/\/www.nicolas_lerooy_photographe\",\"https:\/\/www.linkedin.com\/in\/nicolas-lerooy-4\"]}]}<\/script>\n<!-- \/ Yoast SEO plugin. -->","yoast_head_json":{"title":"GALA MODERN'JAZZ - La Tour d'Aigues - 23\/06\/2023 - Nicolas LEROOY Photographies","robots":{"index":"index","follow":"follow","max-snippet":"max-snippet:-1","max-image-preview":"max-image-preview:large","max-video-preview":"max-video-preview:-1"},"canonical":"https:\/\/www.nl-images.com\/presentation\/index.php\/gala-modrenjazz-la-tour-daigues-23-06-2023\/","og_locale":"fr_FR","og_type":"article","og_title":"GALA MODERN'JAZZ - La Tour d'Aigues - 23\/06\/2023 - Nicolas LEROOY Photographies","og_description":"Retrouvez les photos du Gala, class\u00e9es par groupe, dans l&#8217;ordre des repr\u00e9sentations.Ces images sont en libre t\u00e9l\u00e9chargement. Vous pouvez en disposer librement dans le cadre d&#8217;un usage familial.Veuillez \u00e0 respecter les droits d&#8217;auteurs. Si vous souhaitez r\u00e9aliser des tirages papier en diff\u00e9rents formats, ou des tirages en tableau sur format alu, voici le lien \u00e0 [&hellip;]","og_url":"https:\/\/www.nl-images.com\/presentation\/index.php\/gala-modrenjazz-la-tour-daigues-23-06-2023\/","og_site_name":"Nicolas LEROOY Photographies","article_publisher":"https:\/\/www.facebook.com\/racerelive","article_modified_time":"2023-07-06T10:39:56+00:00","og_image":[{"url":"http:\/\/nl-images.com\/presentation\/wp-content\/uploads\/2023\/07\/Ambiance-01-1024x683.jpg"}],"twitter_card":"summary_large_image","twitter_misc":{"Dur\u00e9e de lecture estim\u00e9e":"1 minute"},"schema":{"@context":"https:\/\/schema.org","@graph":[{"@type":"WebPage","@id":"https:\/\/www.nl-images.com\/presentation\/index.php\/gala-modrenjazz-la-tour-daigues-23-06-2023\/","url":"https:\/\/www.nl-images.com\/presentation\/index.php\/gala-modrenjazz-la-tour-daigues-23-06-2023\/","name":"GALA MODERN'JAZZ - La Tour d'Aigues - 23\/06\/2023 - Nicolas LEROOY Photographies","isPartOf":{"@id":"https:\/\/www.nl-images.com\/presentation\/#website"},"datePublished":"2023-07-04T21:03:06+00:00","dateModified":"2023-07-06T10:39:56+00:00","breadcrumb":{"@id":"https:\/\/www.nl-images.com\/presentation\/index.php\/gala-modrenjazz-la-tour-daigues-23-06-2023\/#breadcrumb"},"inLanguage":"fr-FR","potentialAction":[{"@type":"ReadAction","target":["https:\/\/www.nl-images.com\/presentation\/index.php\/gala-modrenjazz-la-tour-daigues-23-06-2023\/"]}]},{"@type":"BreadcrumbList","@id":"https:\/\/www.nl-images.com\/presentation\/index.php\/gala-modrenjazz-la-tour-daigues-23-06-2023\/#breadcrumb","itemListElement":[{"@type":"ListItem","position":1,"name":"Accueil","item":"https:\/\/www.nl-images.com\/presentation\/"},{"@type":"ListItem","position":2,"name":"GALA MODERN&#8217;JAZZ &#8211; La Tour d&#8217;Aigues &#8211; 23\/06\/2023"}]},{"@type":"WebSite","@id":"https:\/\/www.nl-images.com\/presentation\/#website","url":"https:\/\/www.nl-images.com\/presentation\/","name":"Nicolas LEROOY Photographies","description":"Nicolas LEROOY Photographies","publisher":{"@id":"https:\/\/www.nl-images.com\/presentation\/#\/schema\/person\/244d97395453885e79ce223b13ad0ed8"},"potentialAction":[{"@type":"SearchAction","target":{"@type":"EntryPoint","urlTemplate":"https:\/\/www.nl-images.com\/presentation\/?s={search_term_string}"},"query-input":"required name=search_term_string"}],"inLanguage":"fr-FR"},{"@type":["Person","Organization"],"@id":"https:\/\/www.nl-images.com\/presentation\/#\/schema\/person\/244d97395453885e79ce223b13ad0ed8","name":"Nicolas LEROOY","image":{"@type":"ImageObject","inLanguage":"fr-FR","@id":"https:\/\/www.nl-images.com\/presentation\/#\/schema\/person\/image\/","url":"http:\/\/nl-images.com\/presentation\/wp-content\/uploads\/2023\/10\/logo_nl-images.png","contentUrl":"http:\/\/nl-images.com\/presentation\/wp-content\/uploads\/2023\/10\/logo_nl-images.png","width":1203,"height":126,"caption":"Nicolas LEROOY"},"logo":{"@id":"https:\/\/www.nl-images.com\/presentation\/#\/schema\/person\/image\/"},"sameAs":["http:\/\/www.nl-images.com","https:\/\/www.facebook.com\/racerelive","https:\/\/www.nicolas_lerooy_photographe","https:\/\/www.linkedin.com\/in\/nicolas-lerooy-4"]}]}},"_links":{"self":[{"href":"https:\/\/www.nl-images.com\/presentation\/index.php\/wp-json\/wp\/v2\/pages\/3052","targetHints":{"allow":["GET"]}}],"collection":[{"href":"https:\/\/www.nl-images.com\/presentation\/index.php\/wp-json\/wp\/v2\/pages"}],"about":[{"href":"https:\/\/www.nl-images.com\/presentation\/index.php\/wp-json\/wp\/v2\/types\/page"}],"author":[{"embeddable":true,"href":"https:\/\/www.nl-images.com\/presentation\/index.php\/wp-json\/wp\/v2\/users\/1"}],"replies":[{"embeddable":true,"href":"https:\/\/www.nl-images.com\/presentation\/index.php\/wp-json\/wp\/v2\/comments?post=3052"}],"version-history":[{"count":6,"href":"https:\/\/www.nl-images.com\/presentation\/index.php\/wp-json\/wp\/v2\/pages\/3052\/revisions"}],"predecessor-version":[{"id":3395,"href":"https:\/\/www.nl-images.com\/presentation\/index.php\/wp-json\/wp\/v2\/pages\/3052\/revisions\/3395"}],"wp:attachment":[{"href":"https:\/\/www.nl-images.com\/presentation\/index.php\/wp-json\/wp\/v2\/media?parent=3052"}],"curies":[{"name":"wp","href":"https:\/\/api.w.org\/{rel}","templated":true}]}}