{"id":2934,"date":"2022-11-13T23:52:51","date_gmt":"2022-11-13T22:52:51","guid":{"rendered":"http:\/\/nl-images.com\/presentation\/?page_id=2934"},"modified":"2022-11-13T23:59:41","modified_gmt":"2022-11-13T22:59:41","slug":"duathlon-s-pertuis-13-11-2022-les-photos","status":"publish","type":"page","link":"https:\/\/www.nl-images.com\/presentation\/index.php\/duathlon-s-pertuis-13-11-2022-les-photos\/","title":{"rendered":"DUATHLON S &#8211; PERTUIS &#8211; 13\/11\/2022 : Les photos"},"content":{"rendered":"\n<p class=\"has-normal-font-size\"><br><br>Retrouvez toutes les photos de la course, de la d\u00e9pose du v\u00e9lo jusqu&#8217;aux podiums.<br>9 galeries ont \u00e9t\u00e9 cr\u00e9\u00e9es pour l&#8217;occasion.<br>Etant seul photographe b\u00e9n\u00e9vole de l&#8217;\u00e9v\u00e8nement, je n&#8217;ai pas pu photographier tout le monde sur toutes les parties de la course.<br>Cependant, il y a beaucoup de prise de vues, pas forc\u00e9ment toutes tr\u00e8s conventionnelles :), qui devraient permettre \u00e0 chacun de s&#8217;y retrouver au moins une fois, notamment \u00e0 l&#8217;arriv\u00e9e.<br><br><u>Les photos affich\u00e9es dans les diff\u00e9rentes galeries sont compress\u00e9es et de petite taille, il faut se rendre sur la vignette et cliquer sur l&#8217;ic\u00f4ne de t\u00e9l\u00e9chargement pour obtenir l&#8217;image en taille r\u00e9elle.<\/u><\/p>\n\n\n\n<p class=\"has-normal-font-size\"><br><br>Je profite de l&#8217;occasion pour attirer votre attention sur l&#8217;ouvrage que je publie pour d\u00e9cembre 2022, il s&#8217;agit du beau-live photo vous faisant revivre le Grand Prix de France 2022 de Formule 1.<br>Si vous \u00eates int\u00e9ress\u00e9, toutes les informations se situent ici :<\/p>\n\n\n\n<p class=\"has-normal-font-size\"><br>h<a href=\"https:\/\/fr.ulule.com\/grand-prix-de-france-f1-2022\/\">ttps:\/\/fr.ulule.com\/grand-prix-de-france-f1-2022\/<\/a><br>Les commandes ne peuvent se d\u00e9rouler que jusqu&#8217;au 23\/11\/2022, ensuite il sera trop tard.<br>Peu importe le nombre de commandes sur ULULE, le livre sera bien \u00e9dit\u00e9 d\u00e9but d\u00e9cembre, \u00e0 Aubagne.<br>Pour toute information, ne pas h\u00e9siter \u00e0 me contacter : nico@nl-images.com \/ 06 38 42 52 30<br><br>Je sais que tout le monde n&#8217;est pas forc\u00e9ment fan de sports m\u00e9caniques, cependant n&#8217;h\u00e9sitez pas \u00e0 partager l&#8217;information autour de vous : le lien vers mon site www.nl-images.com ou vers la commande ULULE, vous m&#8217;aiderez grandement dans la r\u00e9alisation de ce projet. <br>Un grand merci d&#8217;avance pour votre soutien \ud83d\ude09<\/p>\n\n\n\n<figure class=\"wp-block-image size-large\"><img loading=\"lazy\" decoding=\"async\" width=\"1024\" height=\"683\" src=\"http:\/\/nl-images.com\/presentation\/wp-content\/uploads\/2022\/11\/racerelive-gpf22-essais-pit-hommes-57-leclerc-pit-casque-portrait-top-1024x683.jpg\" alt=\"\" class=\"wp-image-2937\" srcset=\"https:\/\/www.nl-images.com\/presentation\/wp-content\/uploads\/2022\/11\/racerelive-gpf22-essais-pit-hommes-57-leclerc-pit-casque-portrait-top-1024x683.jpg 1024w, https:\/\/www.nl-images.com\/presentation\/wp-content\/uploads\/2022\/11\/racerelive-gpf22-essais-pit-hommes-57-leclerc-pit-casque-portrait-top-300x200.jpg 300w, https:\/\/www.nl-images.com\/presentation\/wp-content\/uploads\/2022\/11\/racerelive-gpf22-essais-pit-hommes-57-leclerc-pit-casque-portrait-top-768x512.jpg 768w, https:\/\/www.nl-images.com\/presentation\/wp-content\/uploads\/2022\/11\/racerelive-gpf22-essais-pit-hommes-57-leclerc-pit-casque-portrait-top-1536x1024.jpg 1536w, https:\/\/www.nl-images.com\/presentation\/wp-content\/uploads\/2022\/11\/racerelive-gpf22-essais-pit-hommes-57-leclerc-pit-casque-portrait-top-2048x1365.jpg 2048w, https:\/\/www.nl-images.com\/presentation\/wp-content\/uploads\/2022\/11\/racerelive-gpf22-essais-pit-hommes-57-leclerc-pit-casque-portrait-top-1194x796.jpg 1194w, https:\/\/www.nl-images.com\/presentation\/wp-content\/uploads\/2022\/11\/racerelive-gpf22-essais-pit-hommes-57-leclerc-pit-casque-portrait-top-582x388.jpg 582w, https:\/\/www.nl-images.com\/presentation\/wp-content\/uploads\/2022\/11\/racerelive-gpf22-essais-pit-hommes-57-leclerc-pit-casque-portrait-top-378x252.jpg 378w, https:\/\/www.nl-images.com\/presentation\/wp-content\/uploads\/2022\/11\/racerelive-gpf22-essais-pit-hommes-57-leclerc-pit-casque-portrait-top-276x184.jpg 276w, https:\/\/www.nl-images.com\/presentation\/wp-content\/uploads\/2022\/11\/racerelive-gpf22-essais-pit-hommes-57-leclerc-pit-casque-portrait-top-675x450.jpg 675w, https:\/\/www.nl-images.com\/presentation\/wp-content\/uploads\/2022\/11\/racerelive-gpf22-essais-pit-hommes-57-leclerc-pit-casque-portrait-top-1320x880.jpg 1320w\" sizes=\"auto, (max-width: 1024px) 100vw, 1024px\" \/><\/figure>\n\n\n\n<p class=\"has-normal-font-size\"><br><br>Voici les photos du Duathlon :<br><br>1\/ <a href=\"https:\/\/www.nl-images.com\/presentation\/index.php\/duathlon-s-pertuis-13-11-2022-parc-velo-et-echauffement\/\">D\u00e9pose du v\u00e9lo et \u00e9chauffement<\/a><br>2\/ <a href=\"https:\/\/www.nl-images.com\/presentation\/index.php\/duathlon-s-pertuis-13-11-2022-depart\/\">D\u00e9part<\/a><br>3\/ <a href=\"https:\/\/www.nl-images.com\/presentation\/index.php\/duathlon-s-pertuis-13-11-2022-cap-1\/\">Course \u00e0 pied 1<\/a><br>4 \/ <a href=\"https:\/\/www.nl-images.com\/presentation\/index.php\/duathlon-s-pertuis-13-11-2022-transition-1\/\">Transition 1<\/a><br>5\/ <a href=\"https:\/\/www.nl-images.com\/presentation\/index.php\/duathlon-s-pertuis-13-11-2013-velo-partie-1\/\">V\u00e9lo, partie 1<\/a><br>6\/ <a href=\"https:\/\/www.nl-images.com\/presentation\/index.php\/duathlon-s-pertuis-13-11-2022-velo-partie-2\/\">V\u00e9lo, partie 2<\/a><br>7\/ <a href=\"https:\/\/www.nl-images.com\/presentation\/index.php\/duathlons-s-pertuis-13-11-2022-velo-sur-le-retour\/\">V\u00e9lo, sur le retour<\/a><br>8\/ <a href=\"https:\/\/www.nl-images.com\/presentation\/index.php\/duathlon-s-pertuis-13-11-2022-arrivee\/\">Arriv\u00e9e<\/a><br>9\/ <a href=\"https:\/\/www.nl-images.com\/presentation\/index.php\/duathlon-s-pertuis-13-11-2022-les-podium\/\">Podium<\/a><br><br><\/p>\n\n\n\n<figure class=\"wp-block-image size-large\"><img decoding=\"async\" src=\"http:\/\/nl-images.com\/presentation\/wp-content\/uploads\/2022\/11\/duathlon-pertuis-22-podium-1-1024x683.jpg\" alt=\"\" class=\"wp-image-2922\"\/><\/figure>\n\n\n\n<p><\/p>\n\n\n\n<p><\/p>\n\n\n\n<p><\/p>\n\n\n\n<p><\/p>\n\n\n\n<p><br><br><\/p>\n\n\n\n<p><\/p>\n","protected":false},"excerpt":{"rendered":"<p>Retrouvez toutes les photos de la course, de la d\u00e9pose du v\u00e9lo jusqu&#8217;aux podiums.9 galeries ont \u00e9t\u00e9 cr\u00e9\u00e9es pour l&#8217;occasion.Etant seul photographe b\u00e9n\u00e9vole de l&#8217;\u00e9v\u00e8nement, je n&#8217;ai pas pu photographier tout le monde sur toutes les parties de la course.Cependant, il y a beaucoup de prise de vues, pas forc\u00e9ment toutes tr\u00e8s conventionnelles :), qui [&hellip;]<\/p>\n","protected":false},"author":1,"featured_media":0,"parent":0,"menu_order":0,"comment_status":"closed","ping_status":"closed","template":"","meta":{"pgc_sgb_lightbox_settings":"","footnotes":""},"class_list":["post-2934","page","type-page","status-publish","hentry"],"yoast_head":"<!-- This site is optimized with the Yoast SEO plugin v21.4 - https:\/\/yoast.com\/wordpress\/plugins\/seo\/ -->\n<title>DUATHLON S - PERTUIS - 13\/11\/2022 : Les photos - Nicolas LEROOY Photographies<\/title>\n<meta name=\"robots\" content=\"index, follow, max-snippet:-1, max-image-preview:large, max-video-preview:-1\" \/>\n<link rel=\"canonical\" href=\"https:\/\/www.nl-images.com\/presentation\/index.php\/duathlon-s-pertuis-13-11-2022-les-photos\/\" \/>\n<meta property=\"og:locale\" content=\"fr_FR\" \/>\n<meta property=\"og:type\" content=\"article\" \/>\n<meta property=\"og:title\" content=\"DUATHLON S - PERTUIS - 13\/11\/2022 : Les photos - Nicolas LEROOY Photographies\" \/>\n<meta property=\"og:description\" content=\"Retrouvez toutes les photos de la course, de la d\u00e9pose du v\u00e9lo jusqu&#8217;aux podiums.9 galeries ont \u00e9t\u00e9 cr\u00e9\u00e9es pour l&#8217;occasion.Etant seul photographe b\u00e9n\u00e9vole de l&#8217;\u00e9v\u00e8nement, je n&#8217;ai pas pu photographier tout le monde sur toutes les parties de la course.Cependant, il y a beaucoup de prise de vues, pas forc\u00e9ment toutes tr\u00e8s conventionnelles :), qui [&hellip;]\" \/>\n<meta property=\"og:url\" content=\"https:\/\/www.nl-images.com\/presentation\/index.php\/duathlon-s-pertuis-13-11-2022-les-photos\/\" \/>\n<meta property=\"og:site_name\" content=\"Nicolas LEROOY Photographies\" \/>\n<meta property=\"article:publisher\" content=\"https:\/\/www.facebook.com\/racerelive\" \/>\n<meta property=\"article:modified_time\" content=\"2022-11-13T22:59:41+00:00\" \/>\n<meta property=\"og:image\" content=\"http:\/\/nl-images.com\/presentation\/wp-content\/uploads\/2022\/11\/racerelive-gpf22-essais-pit-hommes-57-leclerc-pit-casque-portrait-top-1024x683.jpg\" \/>\n<meta name=\"twitter:card\" content=\"summary_large_image\" \/>\n<meta name=\"twitter:label1\" content=\"Dur\u00e9e de lecture estim\u00e9e\" \/>\n\t<meta name=\"twitter:data1\" content=\"1 minute\" \/>\n<script type=\"application\/ld+json\" class=\"yoast-schema-graph\">{\"@context\":\"https:\/\/schema.org\",\"@graph\":[{\"@type\":\"WebPage\",\"@id\":\"https:\/\/www.nl-images.com\/presentation\/index.php\/duathlon-s-pertuis-13-11-2022-les-photos\/\",\"url\":\"https:\/\/www.nl-images.com\/presentation\/index.php\/duathlon-s-pertuis-13-11-2022-les-photos\/\",\"name\":\"DUATHLON S - PERTUIS - 13\/11\/2022 : Les photos - Nicolas LEROOY Photographies\",\"isPartOf\":{\"@id\":\"https:\/\/www.nl-images.com\/presentation\/#website\"},\"datePublished\":\"2022-11-13T22:52:51+00:00\",\"dateModified\":\"2022-11-13T22:59:41+00:00\",\"breadcrumb\":{\"@id\":\"https:\/\/www.nl-images.com\/presentation\/index.php\/duathlon-s-pertuis-13-11-2022-les-photos\/#breadcrumb\"},\"inLanguage\":\"fr-FR\",\"potentialAction\":[{\"@type\":\"ReadAction\",\"target\":[\"https:\/\/www.nl-images.com\/presentation\/index.php\/duathlon-s-pertuis-13-11-2022-les-photos\/\"]}]},{\"@type\":\"BreadcrumbList\",\"@id\":\"https:\/\/www.nl-images.com\/presentation\/index.php\/duathlon-s-pertuis-13-11-2022-les-photos\/#breadcrumb\",\"itemListElement\":[{\"@type\":\"ListItem\",\"position\":1,\"name\":\"Accueil\",\"item\":\"https:\/\/www.nl-images.com\/presentation\/\"},{\"@type\":\"ListItem\",\"position\":2,\"name\":\"DUATHLON S &#8211; PERTUIS &#8211; 13\/11\/2022 : Les photos\"}]},{\"@type\":\"WebSite\",\"@id\":\"https:\/\/www.nl-images.com\/presentation\/#website\",\"url\":\"https:\/\/www.nl-images.com\/presentation\/\",\"name\":\"Nicolas LEROOY Photographies\",\"description\":\"Nicolas LEROOY Photographies\",\"publisher\":{\"@id\":\"https:\/\/www.nl-images.com\/presentation\/#\/schema\/person\/244d97395453885e79ce223b13ad0ed8\"},\"potentialAction\":[{\"@type\":\"SearchAction\",\"target\":{\"@type\":\"EntryPoint\",\"urlTemplate\":\"https:\/\/www.nl-images.com\/presentation\/?s={search_term_string}\"},\"query-input\":\"required name=search_term_string\"}],\"inLanguage\":\"fr-FR\"},{\"@type\":[\"Person\",\"Organization\"],\"@id\":\"https:\/\/www.nl-images.com\/presentation\/#\/schema\/person\/244d97395453885e79ce223b13ad0ed8\",\"name\":\"Nicolas LEROOY\",\"image\":{\"@type\":\"ImageObject\",\"inLanguage\":\"fr-FR\",\"@id\":\"https:\/\/www.nl-images.com\/presentation\/#\/schema\/person\/image\/\",\"url\":\"http:\/\/nl-images.com\/presentation\/wp-content\/uploads\/2023\/10\/logo_nl-images.png\",\"contentUrl\":\"http:\/\/nl-images.com\/presentation\/wp-content\/uploads\/2023\/10\/logo_nl-images.png\",\"width\":1203,\"height\":126,\"caption\":\"Nicolas LEROOY\"},\"logo\":{\"@id\":\"https:\/\/www.nl-images.com\/presentation\/#\/schema\/person\/image\/\"},\"sameAs\":[\"http:\/\/www.nl-images.com\",\"https:\/\/www.facebook.com\/racerelive\",\"https:\/\/www.nicolas_lerooy_photographe\",\"https:\/\/www.linkedin.com\/in\/nicolas-lerooy-4\"]}]}<\/script>\n<!-- \/ Yoast SEO plugin. -->","yoast_head_json":{"title":"DUATHLON S - PERTUIS - 13\/11\/2022 : Les photos - Nicolas LEROOY Photographies","robots":{"index":"index","follow":"follow","max-snippet":"max-snippet:-1","max-image-preview":"max-image-preview:large","max-video-preview":"max-video-preview:-1"},"canonical":"https:\/\/www.nl-images.com\/presentation\/index.php\/duathlon-s-pertuis-13-11-2022-les-photos\/","og_locale":"fr_FR","og_type":"article","og_title":"DUATHLON S - PERTUIS - 13\/11\/2022 : Les photos - Nicolas LEROOY Photographies","og_description":"Retrouvez toutes les photos de la course, de la d\u00e9pose du v\u00e9lo jusqu&#8217;aux podiums.9 galeries ont \u00e9t\u00e9 cr\u00e9\u00e9es pour l&#8217;occasion.Etant seul photographe b\u00e9n\u00e9vole de l&#8217;\u00e9v\u00e8nement, je n&#8217;ai pas pu photographier tout le monde sur toutes les parties de la course.Cependant, il y a beaucoup de prise de vues, pas forc\u00e9ment toutes tr\u00e8s conventionnelles :), qui [&hellip;]","og_url":"https:\/\/www.nl-images.com\/presentation\/index.php\/duathlon-s-pertuis-13-11-2022-les-photos\/","og_site_name":"Nicolas LEROOY Photographies","article_publisher":"https:\/\/www.facebook.com\/racerelive","article_modified_time":"2022-11-13T22:59:41+00:00","og_image":[{"url":"http:\/\/nl-images.com\/presentation\/wp-content\/uploads\/2022\/11\/racerelive-gpf22-essais-pit-hommes-57-leclerc-pit-casque-portrait-top-1024x683.jpg"}],"twitter_card":"summary_large_image","twitter_misc":{"Dur\u00e9e de lecture estim\u00e9e":"1 minute"},"schema":{"@context":"https:\/\/schema.org","@graph":[{"@type":"WebPage","@id":"https:\/\/www.nl-images.com\/presentation\/index.php\/duathlon-s-pertuis-13-11-2022-les-photos\/","url":"https:\/\/www.nl-images.com\/presentation\/index.php\/duathlon-s-pertuis-13-11-2022-les-photos\/","name":"DUATHLON S - PERTUIS - 13\/11\/2022 : Les photos - Nicolas LEROOY Photographies","isPartOf":{"@id":"https:\/\/www.nl-images.com\/presentation\/#website"},"datePublished":"2022-11-13T22:52:51+00:00","dateModified":"2022-11-13T22:59:41+00:00","breadcrumb":{"@id":"https:\/\/www.nl-images.com\/presentation\/index.php\/duathlon-s-pertuis-13-11-2022-les-photos\/#breadcrumb"},"inLanguage":"fr-FR","potentialAction":[{"@type":"ReadAction","target":["https:\/\/www.nl-images.com\/presentation\/index.php\/duathlon-s-pertuis-13-11-2022-les-photos\/"]}]},{"@type":"BreadcrumbList","@id":"https:\/\/www.nl-images.com\/presentation\/index.php\/duathlon-s-pertuis-13-11-2022-les-photos\/#breadcrumb","itemListElement":[{"@type":"ListItem","position":1,"name":"Accueil","item":"https:\/\/www.nl-images.com\/presentation\/"},{"@type":"ListItem","position":2,"name":"DUATHLON S &#8211; PERTUIS &#8211; 13\/11\/2022 : Les photos"}]},{"@type":"WebSite","@id":"https:\/\/www.nl-images.com\/presentation\/#website","url":"https:\/\/www.nl-images.com\/presentation\/","name":"Nicolas LEROOY Photographies","description":"Nicolas LEROOY Photographies","publisher":{"@id":"https:\/\/www.nl-images.com\/presentation\/#\/schema\/person\/244d97395453885e79ce223b13ad0ed8"},"potentialAction":[{"@type":"SearchAction","target":{"@type":"EntryPoint","urlTemplate":"https:\/\/www.nl-images.com\/presentation\/?s={search_term_string}"},"query-input":"required name=search_term_string"}],"inLanguage":"fr-FR"},{"@type":["Person","Organization"],"@id":"https:\/\/www.nl-images.com\/presentation\/#\/schema\/person\/244d97395453885e79ce223b13ad0ed8","name":"Nicolas LEROOY","image":{"@type":"ImageObject","inLanguage":"fr-FR","@id":"https:\/\/www.nl-images.com\/presentation\/#\/schema\/person\/image\/","url":"http:\/\/nl-images.com\/presentation\/wp-content\/uploads\/2023\/10\/logo_nl-images.png","contentUrl":"http:\/\/nl-images.com\/presentation\/wp-content\/uploads\/2023\/10\/logo_nl-images.png","width":1203,"height":126,"caption":"Nicolas LEROOY"},"logo":{"@id":"https:\/\/www.nl-images.com\/presentation\/#\/schema\/person\/image\/"},"sameAs":["http:\/\/www.nl-images.com","https:\/\/www.facebook.com\/racerelive","https:\/\/www.nicolas_lerooy_photographe","https:\/\/www.linkedin.com\/in\/nicolas-lerooy-4"]}]}},"_links":{"self":[{"href":"https:\/\/www.nl-images.com\/presentation\/index.php\/wp-json\/wp\/v2\/pages\/2934","targetHints":{"allow":["GET"]}}],"collection":[{"href":"https:\/\/www.nl-images.com\/presentation\/index.php\/wp-json\/wp\/v2\/pages"}],"about":[{"href":"https:\/\/www.nl-images.com\/presentation\/index.php\/wp-json\/wp\/v2\/types\/page"}],"author":[{"embeddable":true,"href":"https:\/\/www.nl-images.com\/presentation\/index.php\/wp-json\/wp\/v2\/users\/1"}],"replies":[{"embeddable":true,"href":"https:\/\/www.nl-images.com\/presentation\/index.php\/wp-json\/wp\/v2\/comments?post=2934"}],"version-history":[{"count":2,"href":"https:\/\/www.nl-images.com\/presentation\/index.php\/wp-json\/wp\/v2\/pages\/2934\/revisions"}],"predecessor-version":[{"id":2938,"href":"https:\/\/www.nl-images.com\/presentation\/index.php\/wp-json\/wp\/v2\/pages\/2934\/revisions\/2938"}],"wp:attachment":[{"href":"https:\/\/www.nl-images.com\/presentation\/index.php\/wp-json\/wp\/v2\/media?parent=2934"}],"curies":[{"name":"wp","href":"https:\/\/api.w.org\/{rel}","templated":true}]}}