{"id":10,"date":"2018-10-22T18:16:23","date_gmt":"2018-10-22T16:16:23","guid":{"rendered":"http:\/\/nl-images.com\/presentation\/?page_id=10"},"modified":"2025-03-19T21:35:30","modified_gmt":"2025-03-19T20:35:30","slug":"boutique-livre-photo-f1","status":"publish","type":"page","link":"https:\/\/www.nl-images.com\/presentation\/index.php\/boutique-livre-photo-f1\/","title":{"rendered":"BOUTIQUE"},"content":{"rendered":"\n<blockquote class=\"wp-block-quote is-layout-flow wp-block-quote-is-layout-flow\">\n<p>Boutique Livre Photo Formule 1 :<br>Vous acc\u00e9dez ici \u00e0 ma boutique en ligne :<\/p>\n\n\n\n<p><\/p>\n<\/blockquote>\n\n\n\n<p class=\"has-huge-font-size\">Les liens sont diff\u00e9rents entre les tirages photos (posters\/cadres) et les livres.<br>Les livres \u00e9tant d\u00e9j\u00e0 \u00e9dit\u00e9s, je g\u00e8re personnellement l&#8217;envoi de l&#8217;ouvrage sous pli s\u00e9curis\u00e9 et suivi.<br>Les commandes de tirages ou de cadre sont g\u00e9r\u00e9s automatiquement par mon prestataire imprimeur.<br>Vous acc\u00e9dez \u00e0 ma galerie h\u00e9berg\u00e9e par leur site, les tirages vous sont envoy\u00e9s directement par l&#8217;imprimeur.<\/p>\n\n\n\n<p><\/p>\n\n\n\n<p><\/p>\n\n\n\n<figure class=\"wp-block-image size-large\"><img loading=\"lazy\" decoding=\"async\" width=\"1024\" height=\"683\" src=\"http:\/\/nl-images.com\/presentation\/wp-content\/uploads\/2023\/02\/racerelive-gpf22-essais-image-sainz-1024x683.jpg\" alt=\"\" class=\"wp-image-2970\" srcset=\"https:\/\/www.nl-images.com\/presentation\/wp-content\/uploads\/2023\/02\/racerelive-gpf22-essais-image-sainz-1024x683.jpg 1024w, https:\/\/www.nl-images.com\/presentation\/wp-content\/uploads\/2023\/02\/racerelive-gpf22-essais-image-sainz-300x200.jpg 300w, https:\/\/www.nl-images.com\/presentation\/wp-content\/uploads\/2023\/02\/racerelive-gpf22-essais-image-sainz-768x512.jpg 768w, https:\/\/www.nl-images.com\/presentation\/wp-content\/uploads\/2023\/02\/racerelive-gpf22-essais-image-sainz-1536x1025.jpg 1536w, https:\/\/www.nl-images.com\/presentation\/wp-content\/uploads\/2023\/02\/racerelive-gpf22-essais-image-sainz-2048x1366.jpg 2048w, https:\/\/www.nl-images.com\/presentation\/wp-content\/uploads\/2023\/02\/racerelive-gpf22-essais-image-sainz-1194x796.jpg 1194w, https:\/\/www.nl-images.com\/presentation\/wp-content\/uploads\/2023\/02\/racerelive-gpf22-essais-image-sainz-582x388.jpg 582w, https:\/\/www.nl-images.com\/presentation\/wp-content\/uploads\/2023\/02\/racerelive-gpf22-essais-image-sainz-378x252.jpg 378w, https:\/\/www.nl-images.com\/presentation\/wp-content\/uploads\/2023\/02\/racerelive-gpf22-essais-image-sainz-276x184.jpg 276w, https:\/\/www.nl-images.com\/presentation\/wp-content\/uploads\/2023\/02\/racerelive-gpf22-essais-image-sainz-675x450.jpg 675w, https:\/\/www.nl-images.com\/presentation\/wp-content\/uploads\/2023\/02\/racerelive-gpf22-essais-image-sainz-1320x880.jpg 1320w\" sizes=\"auto, (max-width: 1024px) 100vw, 1024px\" \/><\/figure>\n","protected":false},"excerpt":{"rendered":"<p>Boutique Livre Photo Formule 1 :Vous acc\u00e9dez ici \u00e0 ma boutique en ligne : Les liens sont diff\u00e9rents entre les tirages photos (posters\/cadres) et les livres.Les livres \u00e9tant d\u00e9j\u00e0 \u00e9dit\u00e9s, je g\u00e8re personnellement l&#8217;envoi de l&#8217;ouvrage sous pli s\u00e9curis\u00e9 et suivi.Les commandes de tirages ou de cadre sont g\u00e9r\u00e9s automatiquement par mon prestataire imprimeur.Vous acc\u00e9dez [&hellip;]<\/p>\n","protected":false},"author":1,"featured_media":0,"parent":0,"menu_order":12,"comment_status":"closed","ping_status":"closed","template":"","meta":{"pgc_sgb_lightbox_settings":"","footnotes":""},"class_list":["post-10","page","type-page","status-publish","hentry"],"yoast_head":"<!-- This site is optimized with the Yoast SEO plugin v21.4 - https:\/\/yoast.com\/wordpress\/plugins\/seo\/ -->\n<title>Boutique Livre Photo Formule 1 Nicolas LEROOY Photographies<\/title>\n<meta name=\"description\" content=\"Boutique livre photo Formule 1 : Commandez les exemplaire parus \u00e0 ce jour, mais \u00e9galement des tirages photos ou cadres photo \u00e0 personnaliser.\" \/>\n<meta name=\"robots\" content=\"index, follow, max-snippet:-1, max-image-preview:large, max-video-preview:-1\" \/>\n<link rel=\"canonical\" href=\"https:\/\/www.nl-images.com\/presentation\/index.php\/boutique-livre-photo-f1\/\" \/>\n<meta property=\"og:locale\" content=\"fr_FR\" \/>\n<meta property=\"og:type\" content=\"article\" \/>\n<meta property=\"og:title\" content=\"Boutique Livre Photo Formule 1 Nicolas LEROOY Photographies\" \/>\n<meta property=\"og:description\" content=\"Boutique livre photo Formule 1 : Commandez les exemplaire parus \u00e0 ce jour, mais \u00e9galement des tirages photos ou cadres photo \u00e0 personnaliser.\" \/>\n<meta property=\"og:url\" content=\"https:\/\/www.nl-images.com\/presentation\/index.php\/boutique-livre-photo-f1\/\" \/>\n<meta property=\"og:site_name\" content=\"Nicolas LEROOY Photographies\" \/>\n<meta property=\"article:publisher\" content=\"https:\/\/www.facebook.com\/racerelive\" \/>\n<meta property=\"article:modified_time\" content=\"2025-03-19T20:35:30+00:00\" \/>\n<meta property=\"og:image\" content=\"http:\/\/nl-images.com\/presentation\/wp-content\/uploads\/2023\/02\/racerelive-gpf22-essais-image-sainz-1024x683.jpg\" \/>\n<meta name=\"twitter:card\" content=\"summary_large_image\" \/>\n<meta name=\"twitter:label1\" content=\"Dur\u00e9e de lecture estim\u00e9e\" \/>\n\t<meta name=\"twitter:data1\" content=\"1 minute\" \/>\n<script type=\"application\/ld+json\" class=\"yoast-schema-graph\">{\"@context\":\"https:\/\/schema.org\",\"@graph\":[{\"@type\":\"WebPage\",\"@id\":\"https:\/\/www.nl-images.com\/presentation\/index.php\/boutique-livre-photo-f1\/\",\"url\":\"https:\/\/www.nl-images.com\/presentation\/index.php\/boutique-livre-photo-f1\/\",\"name\":\"Boutique Livre Photo Formule 1 Nicolas LEROOY Photographies\",\"isPartOf\":{\"@id\":\"https:\/\/www.nl-images.com\/presentation\/#website\"},\"datePublished\":\"2018-10-22T16:16:23+00:00\",\"dateModified\":\"2025-03-19T20:35:30+00:00\",\"description\":\"Boutique livre photo Formule 1 : Commandez les exemplaire parus \u00e0 ce jour, mais \u00e9galement des tirages photos ou cadres photo \u00e0 personnaliser.\",\"breadcrumb\":{\"@id\":\"https:\/\/www.nl-images.com\/presentation\/index.php\/boutique-livre-photo-f1\/#breadcrumb\"},\"inLanguage\":\"fr-FR\",\"potentialAction\":[{\"@type\":\"ReadAction\",\"target\":[\"https:\/\/www.nl-images.com\/presentation\/index.php\/boutique-livre-photo-f1\/\"]}]},{\"@type\":\"BreadcrumbList\",\"@id\":\"https:\/\/www.nl-images.com\/presentation\/index.php\/boutique-livre-photo-f1\/#breadcrumb\",\"itemListElement\":[{\"@type\":\"ListItem\",\"position\":1,\"name\":\"Accueil\",\"item\":\"https:\/\/www.nl-images.com\/presentation\/\"},{\"@type\":\"ListItem\",\"position\":2,\"name\":\"BOUTIQUE\"}]},{\"@type\":\"WebSite\",\"@id\":\"https:\/\/www.nl-images.com\/presentation\/#website\",\"url\":\"https:\/\/www.nl-images.com\/presentation\/\",\"name\":\"Nicolas LEROOY Photographies\",\"description\":\"Nicolas LEROOY Photographies\",\"publisher\":{\"@id\":\"https:\/\/www.nl-images.com\/presentation\/#\/schema\/person\/244d97395453885e79ce223b13ad0ed8\"},\"potentialAction\":[{\"@type\":\"SearchAction\",\"target\":{\"@type\":\"EntryPoint\",\"urlTemplate\":\"https:\/\/www.nl-images.com\/presentation\/?s={search_term_string}\"},\"query-input\":\"required name=search_term_string\"}],\"inLanguage\":\"fr-FR\"},{\"@type\":[\"Person\",\"Organization\"],\"@id\":\"https:\/\/www.nl-images.com\/presentation\/#\/schema\/person\/244d97395453885e79ce223b13ad0ed8\",\"name\":\"Nicolas LEROOY\",\"image\":{\"@type\":\"ImageObject\",\"inLanguage\":\"fr-FR\",\"@id\":\"https:\/\/www.nl-images.com\/presentation\/#\/schema\/person\/image\/\",\"url\":\"http:\/\/nl-images.com\/presentation\/wp-content\/uploads\/2023\/10\/logo_nl-images.png\",\"contentUrl\":\"http:\/\/nl-images.com\/presentation\/wp-content\/uploads\/2023\/10\/logo_nl-images.png\",\"width\":1203,\"height\":126,\"caption\":\"Nicolas LEROOY\"},\"logo\":{\"@id\":\"https:\/\/www.nl-images.com\/presentation\/#\/schema\/person\/image\/\"},\"sameAs\":[\"http:\/\/www.nl-images.com\",\"https:\/\/www.facebook.com\/racerelive\",\"https:\/\/www.nicolas_lerooy_photographe\",\"https:\/\/www.linkedin.com\/in\/nicolas-lerooy-4\"]}]}<\/script>\n<!-- \/ Yoast SEO plugin. -->","yoast_head_json":{"title":"Boutique Livre Photo Formule 1 Nicolas LEROOY Photographies","description":"Boutique livre photo Formule 1 : Commandez les exemplaire parus \u00e0 ce jour, mais \u00e9galement des tirages photos ou cadres photo \u00e0 personnaliser.","robots":{"index":"index","follow":"follow","max-snippet":"max-snippet:-1","max-image-preview":"max-image-preview:large","max-video-preview":"max-video-preview:-1"},"canonical":"https:\/\/www.nl-images.com\/presentation\/index.php\/boutique-livre-photo-f1\/","og_locale":"fr_FR","og_type":"article","og_title":"Boutique Livre Photo Formule 1 Nicolas LEROOY Photographies","og_description":"Boutique livre photo Formule 1 : Commandez les exemplaire parus \u00e0 ce jour, mais \u00e9galement des tirages photos ou cadres photo \u00e0 personnaliser.","og_url":"https:\/\/www.nl-images.com\/presentation\/index.php\/boutique-livre-photo-f1\/","og_site_name":"Nicolas LEROOY Photographies","article_publisher":"https:\/\/www.facebook.com\/racerelive","article_modified_time":"2025-03-19T20:35:30+00:00","og_image":[{"url":"http:\/\/nl-images.com\/presentation\/wp-content\/uploads\/2023\/02\/racerelive-gpf22-essais-image-sainz-1024x683.jpg"}],"twitter_card":"summary_large_image","twitter_misc":{"Dur\u00e9e de lecture estim\u00e9e":"1 minute"},"schema":{"@context":"https:\/\/schema.org","@graph":[{"@type":"WebPage","@id":"https:\/\/www.nl-images.com\/presentation\/index.php\/boutique-livre-photo-f1\/","url":"https:\/\/www.nl-images.com\/presentation\/index.php\/boutique-livre-photo-f1\/","name":"Boutique Livre Photo Formule 1 Nicolas LEROOY Photographies","isPartOf":{"@id":"https:\/\/www.nl-images.com\/presentation\/#website"},"datePublished":"2018-10-22T16:16:23+00:00","dateModified":"2025-03-19T20:35:30+00:00","description":"Boutique livre photo Formule 1 : Commandez les exemplaire parus \u00e0 ce jour, mais \u00e9galement des tirages photos ou cadres photo \u00e0 personnaliser.","breadcrumb":{"@id":"https:\/\/www.nl-images.com\/presentation\/index.php\/boutique-livre-photo-f1\/#breadcrumb"},"inLanguage":"fr-FR","potentialAction":[{"@type":"ReadAction","target":["https:\/\/www.nl-images.com\/presentation\/index.php\/boutique-livre-photo-f1\/"]}]},{"@type":"BreadcrumbList","@id":"https:\/\/www.nl-images.com\/presentation\/index.php\/boutique-livre-photo-f1\/#breadcrumb","itemListElement":[{"@type":"ListItem","position":1,"name":"Accueil","item":"https:\/\/www.nl-images.com\/presentation\/"},{"@type":"ListItem","position":2,"name":"BOUTIQUE"}]},{"@type":"WebSite","@id":"https:\/\/www.nl-images.com\/presentation\/#website","url":"https:\/\/www.nl-images.com\/presentation\/","name":"Nicolas LEROOY Photographies","description":"Nicolas LEROOY Photographies","publisher":{"@id":"https:\/\/www.nl-images.com\/presentation\/#\/schema\/person\/244d97395453885e79ce223b13ad0ed8"},"potentialAction":[{"@type":"SearchAction","target":{"@type":"EntryPoint","urlTemplate":"https:\/\/www.nl-images.com\/presentation\/?s={search_term_string}"},"query-input":"required name=search_term_string"}],"inLanguage":"fr-FR"},{"@type":["Person","Organization"],"@id":"https:\/\/www.nl-images.com\/presentation\/#\/schema\/person\/244d97395453885e79ce223b13ad0ed8","name":"Nicolas LEROOY","image":{"@type":"ImageObject","inLanguage":"fr-FR","@id":"https:\/\/www.nl-images.com\/presentation\/#\/schema\/person\/image\/","url":"http:\/\/nl-images.com\/presentation\/wp-content\/uploads\/2023\/10\/logo_nl-images.png","contentUrl":"http:\/\/nl-images.com\/presentation\/wp-content\/uploads\/2023\/10\/logo_nl-images.png","width":1203,"height":126,"caption":"Nicolas LEROOY"},"logo":{"@id":"https:\/\/www.nl-images.com\/presentation\/#\/schema\/person\/image\/"},"sameAs":["http:\/\/www.nl-images.com","https:\/\/www.facebook.com\/racerelive","https:\/\/www.nicolas_lerooy_photographe","https:\/\/www.linkedin.com\/in\/nicolas-lerooy-4"]}]}},"_links":{"self":[{"href":"https:\/\/www.nl-images.com\/presentation\/index.php\/wp-json\/wp\/v2\/pages\/10","targetHints":{"allow":["GET"]}}],"collection":[{"href":"https:\/\/www.nl-images.com\/presentation\/index.php\/wp-json\/wp\/v2\/pages"}],"about":[{"href":"https:\/\/www.nl-images.com\/presentation\/index.php\/wp-json\/wp\/v2\/types\/page"}],"author":[{"embeddable":true,"href":"https:\/\/www.nl-images.com\/presentation\/index.php\/wp-json\/wp\/v2\/users\/1"}],"replies":[{"embeddable":true,"href":"https:\/\/www.nl-images.com\/presentation\/index.php\/wp-json\/wp\/v2\/comments?post=10"}],"version-history":[{"count":17,"href":"https:\/\/www.nl-images.com\/presentation\/index.php\/wp-json\/wp\/v2\/pages\/10\/revisions"}],"predecessor-version":[{"id":6270,"href":"https:\/\/www.nl-images.com\/presentation\/index.php\/wp-json\/wp\/v2\/pages\/10\/revisions\/6270"}],"wp:attachment":[{"href":"https:\/\/www.nl-images.com\/presentation\/index.php\/wp-json\/wp\/v2\/media?parent=10"}],"curies":[{"name":"wp","href":"https:\/\/api.w.org\/{rel}","templated":true}]}}